{"id":511,"date":"2023-01-25T08:56:53","date_gmt":"2023-01-25T08:56:53","guid":{"rendered":"https:\/\/cbdshop.club\/trgovina\/nekategorizirano\/cbd-mazilo-za-pomiritev-koze-mistatera\/"},"modified":"2023-11-09T08:44:40","modified_gmt":"2023-11-09T08:44:40","slug":"cbd-skin-smoothing-lotion-mistatera","status":"publish","type":"product","link":"https:\/\/cbdshop.club\/hr\/shop\/mast-od-konoplje\/cbd-maslac-za-tjelo\/","title":{"rendered":"Mistatera CBD losion za umirivanje ko\u017ee"},"content":{"rendered":"<p>Intenzivno olak\u0161anje je na dohvat ruke.<\/p>\n<p>Prona\u0111ite umiruju\u0107e olak\u0161anje u na\u0161em Mistatera CBD losionu\u00a0<strong>napravljenom od visokokvalitetne mje\u0161avine sastojaka, uklju\u010duju\u0107i bogati shea i kakao maslac, kokosovo ulje, ulje sjemenki gro\u017e\u0111a i p\u010delinji vosak<\/strong>, koji je posebno prilago\u0111en za lokalnu upotrebu.<\/p>\n<p>Gusta, gotovo \u010dvrsta i vo\u0161tane konzistencije namijenjena je za nano\u0161enje kao \u0161to biste nanijeli normalnu hidratantnu kremu -\u00a0<strong>nje\u017eno je umasirajte u podru\u010dje koje tretirate i dodajte jo\u0161 po potrebi. Namijenjen je primjeni reljefa na odre\u0111eno podru\u010dje<\/strong>.<\/p>\n<p>Studije o lokalnim lijekovima pokazuju da je sposobnost upijanja ko\u017ee prili\u010dno slaba u usporedbi s drugim sluznicama. To zna\u010di da je pri primjeni lokalnog proizvoda najbolje odabrati onaj s visokom razinom CBD-a kao \u0161to je na\u0161 i obilato ga primijeniti. Mo\u017ee se koristiti kao utrljavane mi\u0161i\u0107a ili nje\u017eno nanositi na bolnu, upaljenu ili nadra\u017eenu ko\u017eu i zglobove.<\/p>\n<p>&nbsp;<\/p>\n<p>Na\u0161 Mistatera CBD losion mo\u017eete isprobati za razli\u010dite namjene:<\/p>\n<p>Ubla\u017eavanje boli: balzami su koncentrirani proizvod, \u0161to ih \u010dini odli\u010dnim izborom za ubla\u017eavanje boli.<\/p>\n<p>Stanja ko\u017ee<strong>:<\/strong>\u00a0na\u0161 Mistatera CBD losion smanjuje upalu koja mo\u017ee doprinijeti aknama, ekcemima i psorijazi.<\/p>\n<p>Druge namjene: lokalni CBD proizvodi mogu pomo\u0107i s nizom problema s bolovima poput boli povezane s artritisom (zna\u010dajno smanjuju\u0107i oticanje zglobova) ili bolova u \u017eivcima (poma\u017eu u smanjenju o\u0161trih, jakih, hladnih i svrbe\u017enih osje\u0107aja boli).<\/p>\n<p>&nbsp;<\/p>\n<p>Svi Mistatera proizvodi su bez okrutnosti, napravljeni od konoplje uzgojene u Sloveniji i testirani su u laboratoriju tre\u0107e strane.<\/p>\n<p>&nbsp;<\/p>\n<p>Sastojci: ulje sjemenki Cannabis sativa, maslac butyrospermum parkii, maslac sjemenki theobroma kakaovca, ulje cocos nucifera, cera alba, ekstrakt cvijeta cannabis sativa, glicerin, ulje sjemenki vitis vinifera, ekstrakt rosmarinus officinalis, ekstrakt ploda vanilije planifolie.<\/p>","protected":false},"excerpt":{"rendered":"<p>Intense relief is at your fingertips. Find soothing relief\u00a0in our Mistatera CBD lotion\u00a0made from a high-quality mixture of ingredients, including rich shea and cocoa butter, coconut, grape seed oil and beeswax, that is specifically tailored for topical use. Thick, almost solid and waxy in consistency is intended to be applied as you would apply a [&hellip;]<\/p>","protected":false},"featured_media":510,"template":"","meta":{"inline_featured_image":false},"product_cat":[28],"product_tag":[34],"class_list":["post-511","product","type-product","status-publish","has-post-thumbnail","hentry","product_cat-cbd-hemp-lotion","product_tag-mistatera"],"yoast_head":"<!-- This site is optimized with the Yoast SEO plugin v20.7 - https:\/\/yoast.com\/wordpress\/plugins\/seo\/ -->\n<title>Mistatera CBD Skin Soothing Lotion - CBDshop.club<\/title>\n<meta name=\"robots\" content=\"index, follow, max-snippet:-1, max-image-preview:large, max-video-preview:-1\" \/>\n<link rel=\"canonical\" href=\"https:\/\/cbdshop.club\/hr\/shop\/mast-od-konoplje\/cbd-maslac-za-tjelo\/\" \/>\n<meta property=\"og:locale\" content=\"hr_HR\" \/>\n<meta property=\"og:type\" content=\"article\" \/>\n<meta property=\"og:title\" content=\"Mistatera CBD Skin Soothing Lotion - CBDshop.club\" \/>\n<meta property=\"og:description\" content=\"Intense relief is at your fingertips. Find soothing relief\u00a0in our Mistatera CBD lotion\u00a0made from a high-quality mixture of ingredients, including rich shea and cocoa butter, coconut, grape seed oil and beeswax, that is specifically tailored for topical use. Thick, almost solid and waxy in consistency is intended to be applied as you would apply a [&hellip;]\" \/>\n<meta property=\"og:url\" content=\"https:\/\/cbdshop.club\/hr\/shop\/mast-od-konoplje\/cbd-maslac-za-tjelo\/\" \/>\n<meta property=\"og:site_name\" content=\"CBDshop.club\" \/>\n<meta property=\"article:modified_time\" content=\"2023-11-09T08:44:40+00:00\" \/>\n<meta property=\"og:image\" content=\"https:\/\/cbdshop.club\/wp-content\/uploads\/2023\/01\/cbd-mazilo-mistatera-prodimg-59_small_33d9135c-b1a1-407c-941f-97e7e4b44f93.jpg\" \/>\n\t<meta property=\"og:image:width\" content=\"450\" \/>\n\t<meta property=\"og:image:height\" content=\"450\" \/>\n\t<meta property=\"og:image:type\" content=\"image\/jpeg\" \/>\n<meta name=\"twitter:card\" content=\"summary_large_image\" \/>\n<meta name=\"twitter:label1\" content=\"Procijenjeno vrijeme \u010ditanja\" \/>\n\t<meta name=\"twitter:data1\" content=\"1 minuta\" \/>\n<script type=\"application\/ld+json\" class=\"yoast-schema-graph\">{\"@context\":\"https:\/\/schema.org\",\"@graph\":[{\"@type\":\"WebPage\",\"@id\":\"https:\/\/cbdshop.club\/shop\/cbd-hemp-lotion\/cbd-skin-smoothing-lotion-mistatera\/\",\"url\":\"https:\/\/cbdshop.club\/shop\/cbd-hemp-lotion\/cbd-skin-smoothing-lotion-mistatera\/\",\"name\":\"Mistatera CBD Skin Soothing Lotion - CBDshop.club\",\"isPartOf\":{\"@id\":\"https:\/\/cbdshop.club\/#website\"},\"datePublished\":\"2023-01-25T08:56:53+00:00\",\"dateModified\":\"2023-11-09T08:44:40+00:00\",\"breadcrumb\":{\"@id\":\"https:\/\/cbdshop.club\/shop\/cbd-hemp-lotion\/cbd-skin-smoothing-lotion-mistatera\/#breadcrumb\"},\"inLanguage\":\"hr\",\"potentialAction\":[{\"@type\":\"ReadAction\",\"target\":[\"https:\/\/cbdshop.club\/shop\/cbd-hemp-lotion\/cbd-skin-smoothing-lotion-mistatera\/\"]}]},{\"@type\":\"BreadcrumbList\",\"@id\":\"https:\/\/cbdshop.club\/shop\/cbd-hemp-lotion\/cbd-skin-smoothing-lotion-mistatera\/#breadcrumb\",\"itemListElement\":[{\"@type\":\"ListItem\",\"position\":1,\"name\":\"Shop\",\"item\":\"https:\/\/cbdshop.club\/shop\/\"},{\"@type\":\"ListItem\",\"position\":2,\"name\":\"Mistatera CBD Skin Soothing Lotion\"}]},{\"@type\":\"WebSite\",\"@id\":\"https:\/\/cbdshop.club\/#website\",\"url\":\"https:\/\/cbdshop.club\/\",\"name\":\"CBDshop.club\",\"description\":\"CBD Online Shop\",\"publisher\":{\"@id\":\"https:\/\/cbdshop.club\/#organization\"},\"potentialAction\":[{\"@type\":\"SearchAction\",\"target\":{\"@type\":\"EntryPoint\",\"urlTemplate\":\"https:\/\/cbdshop.club\/?s={search_term_string}\"},\"query-input\":\"required name=search_term_string\"}],\"inLanguage\":\"hr\"},{\"@type\":\"Organization\",\"@id\":\"https:\/\/cbdshop.club\/#organization\",\"name\":\"CBDshop.club\",\"url\":\"https:\/\/cbdshop.club\/\",\"logo\":{\"@type\":\"ImageObject\",\"inLanguage\":\"hr\",\"@id\":\"https:\/\/cbdshop.club\/#\/schema\/logo\/image\/\",\"url\":\"https:\/\/cbdshop.club\/wp-content\/uploads\/2023\/01\/cbdshop.club-logo.svg\",\"contentUrl\":\"https:\/\/cbdshop.club\/wp-content\/uploads\/2023\/01\/cbdshop.club-logo.svg\",\"width\":12,\"height\":4,\"caption\":\"CBDshop.club\"},\"image\":{\"@id\":\"https:\/\/cbdshop.club\/#\/schema\/logo\/image\/\"}}]}<\/script>\n<!-- \/ Yoast SEO plugin. -->","yoast_head_json":{"title":"Mistatera CBD Skin Soothing Lotion - CBDshop.club","robots":{"index":"index","follow":"follow","max-snippet":"max-snippet:-1","max-image-preview":"max-image-preview:large","max-video-preview":"max-video-preview:-1"},"canonical":"https:\/\/cbdshop.club\/hr\/shop\/mast-od-konoplje\/cbd-maslac-za-tjelo\/","og_locale":"hr_HR","og_type":"article","og_title":"Mistatera CBD Skin Soothing Lotion - CBDshop.club","og_description":"Intense relief is at your fingertips. Find soothing relief\u00a0in our Mistatera CBD lotion\u00a0made from a high-quality mixture of ingredients, including rich shea and cocoa butter, coconut, grape seed oil and beeswax, that is specifically tailored for topical use. Thick, almost solid and waxy in consistency is intended to be applied as you would apply a [&hellip;]","og_url":"https:\/\/cbdshop.club\/hr\/shop\/mast-od-konoplje\/cbd-maslac-za-tjelo\/","og_site_name":"CBDshop.club","article_modified_time":"2023-11-09T08:44:40+00:00","og_image":[{"width":450,"height":450,"url":"https:\/\/cbdshop.club\/wp-content\/uploads\/2023\/01\/cbd-mazilo-mistatera-prodimg-59_small_33d9135c-b1a1-407c-941f-97e7e4b44f93.jpg","type":"image\/jpeg"}],"twitter_card":"summary_large_image","twitter_misc":{"Procijenjeno vrijeme \u010ditanja":"1 minuta"},"schema":{"@context":"https:\/\/schema.org","@graph":[{"@type":"WebPage","@id":"https:\/\/cbdshop.club\/shop\/cbd-hemp-lotion\/cbd-skin-smoothing-lotion-mistatera\/","url":"https:\/\/cbdshop.club\/shop\/cbd-hemp-lotion\/cbd-skin-smoothing-lotion-mistatera\/","name":"Mistatera CBD Skin Soothing Lotion - CBDshop.club","isPartOf":{"@id":"https:\/\/cbdshop.club\/#website"},"datePublished":"2023-01-25T08:56:53+00:00","dateModified":"2023-11-09T08:44:40+00:00","breadcrumb":{"@id":"https:\/\/cbdshop.club\/shop\/cbd-hemp-lotion\/cbd-skin-smoothing-lotion-mistatera\/#breadcrumb"},"inLanguage":"hr","potentialAction":[{"@type":"ReadAction","target":["https:\/\/cbdshop.club\/shop\/cbd-hemp-lotion\/cbd-skin-smoothing-lotion-mistatera\/"]}]},{"@type":"BreadcrumbList","@id":"https:\/\/cbdshop.club\/shop\/cbd-hemp-lotion\/cbd-skin-smoothing-lotion-mistatera\/#breadcrumb","itemListElement":[{"@type":"ListItem","position":1,"name":"Shop","item":"https:\/\/cbdshop.club\/shop\/"},{"@type":"ListItem","position":2,"name":"Mistatera CBD Skin Soothing Lotion"}]},{"@type":"WebSite","@id":"https:\/\/cbdshop.club\/#website","url":"https:\/\/cbdshop.club\/","name":"CBDshop.club","description":"CBD Online Shop","publisher":{"@id":"https:\/\/cbdshop.club\/#organization"},"potentialAction":[{"@type":"SearchAction","target":{"@type":"EntryPoint","urlTemplate":"https:\/\/cbdshop.club\/?s={search_term_string}"},"query-input":"required name=search_term_string"}],"inLanguage":"hr"},{"@type":"Organization","@id":"https:\/\/cbdshop.club\/#organization","name":"CBDshop.club","url":"https:\/\/cbdshop.club\/","logo":{"@type":"ImageObject","inLanguage":"hr","@id":"https:\/\/cbdshop.club\/#\/schema\/logo\/image\/","url":"https:\/\/cbdshop.club\/wp-content\/uploads\/2023\/01\/cbdshop.club-logo.svg","contentUrl":"https:\/\/cbdshop.club\/wp-content\/uploads\/2023\/01\/cbdshop.club-logo.svg","width":12,"height":4,"caption":"CBDshop.club"},"image":{"@id":"https:\/\/cbdshop.club\/#\/schema\/logo\/image\/"}}]}},"_links":{"self":[{"href":"https:\/\/cbdshop.club\/hr\/wp-json\/wp\/v2\/product\/511","targetHints":{"allow":["GET"]}}],"collection":[{"href":"https:\/\/cbdshop.club\/hr\/wp-json\/wp\/v2\/product"}],"about":[{"href":"https:\/\/cbdshop.club\/hr\/wp-json\/wp\/v2\/types\/product"}],"wp:featuredmedia":[{"embeddable":true,"href":"https:\/\/cbdshop.club\/hr\/wp-json\/wp\/v2\/media\/510"}],"wp:attachment":[{"href":"https:\/\/cbdshop.club\/hr\/wp-json\/wp\/v2\/media?parent=511"}],"wp:term":[{"taxonomy":"product_cat","embeddable":true,"href":"https:\/\/cbdshop.club\/hr\/wp-json\/wp\/v2\/product_cat?post=511"},{"taxonomy":"product_tag","embeddable":true,"href":"https:\/\/cbdshop.club\/hr\/wp-json\/wp\/v2\/product_tag?post=511"}],"curies":[{"name":"wp","href":"https:\/\/api.w.org\/{rel}","templated":true}]}}