{"id":491,"date":"2023-01-25T08:56:48","date_gmt":"2023-01-25T08:56:48","guid":{"rendered":"https:\/\/cbdshop.club\/trgovina\/nekategorizirano\/konopljina-cbd-krema-za-obraz-mistatera\/"},"modified":"2023-11-09T08:45:33","modified_gmt":"2023-11-09T08:45:33","slug":"hemp-cbd-face-cream-mistatera","status":"publish","type":"product","link":"https:\/\/cbdshop.club\/hr\/shop\/cbd-krema\/cbd-krema-za-lice\/","title":{"rendered":"Mistatera opu\u0161taju\u0107a CBD krema za lice"},"content":{"rendered":"<p>Opustite se, obnovite i obnovite.<\/p>\n<p>Ova hranjiva, ultra-hidratantna krema topi se u dodiru ostavljaju\u0107i ko\u017eu bar\u0161unastom zavr\u0161nicom. O\u010dekuje vas smiren osje\u0107aj blagostanja.<\/p>\n<p><strong>Posebno formulirana za lice i vrat<\/strong>, na\u0161a Mistatera CBD krema spaja svje\u017ee pre\u0161anu smolu konoplje s luksuznim hidratantnim tvarima poput shea maslaca, badema i ulja jojobe.<\/p>\n<p>Kanabinoida koje proizvodi konoplja u interakciji su s endokanabinoidima u na\u0161oj ko\u017ei kako bi je omek\u0161ali, zagladili i uljep\u0161ali. I nisu u pitanju samo kanabinoidi. Na\u0161 CBD ekstrakt konoplje tako\u0111er uklju\u010duje vitamin E, terpene koji biljkama daju njihov miris i mo\u017eda najva\u017enije, bogate masne kiseline koje vla\u017ee.<\/p>\n<p>Na\u0161a Mistatera CBD krema ima vi\u0161estruke u\u010dinke na ko\u017eu, izme\u0111u ostalog vla\u017ei ko\u017eu, ima\u00a0<strong>u\u010dinak protiv starenja, djeluje kao za\u0161titna barijera, smanjuje fine bore, pove\u0107ava elasti\u010dnost.<\/strong><\/p>\n<p>&nbsp;<\/p>\n<p>Na\u010din upotrebe: Nanijeti ujutro i nave\u010der na lice i vrat nakon \u010di\u0161\u0107enja.<\/p>\n<p>Na\u0161a Mistatera CBD krema posebno je prikladna za: zrelu ko\u017eu, dehidriranu ko\u017eu, devitalizirano ko\u017eu, ko\u017eu o\u0161te\u0107enu suncem.<\/p>\n<p>&nbsp;<\/p>\n<p>Sastojci: Aqua, ulje prunus amygdalus dulcis, glicerin, cetearilni alkohol, kaprilni\/kapri\u010dni triglicerid, maslac butyrospermum parkii, koko-kaprilat\/kaprat, gliceril citrat\/laktat\/oleat\/linoleat, ulje sjemenki simmondsia chinensis, hidrolizirani protein p\u0161enice, cvijet arnice montana , ekstrakt chamomilla recutita, ulje sjemenki helianthus annuus, tokoferol, ekstrakt lista\/stabljike cannabis sativa, ksantanska guma, pantenol, ulje kore citrusa nobilisa, ulje ploda citrusa aurantium bergamia, karbomer, kalijev sorbat, natrijev benzoat<\/p>","protected":false},"excerpt":{"rendered":"<p>Relax, restore and renew. This nourishing, ultra-moisturizing cream melts on contact leaving skin with a velveteen finish. A calm sense of well-being awaits you. Specifically formulated for face and neck, our Mistatera CBD Cream blends fresh-pressed Hemp Resin with luxurious moisturizing agents like shea butter, almond and jojoba oil. The cannabinoids produced by the hemp [&hellip;]<\/p>","protected":false},"featured_media":490,"template":"","meta":{"inline_featured_image":false},"product_cat":[31],"product_tag":[34],"class_list":["post-491","product","type-product","status-publish","has-post-thumbnail","hentry","product_cat-cbd-hemp-creme","product_tag-mistatera"],"yoast_head":"<!-- This site is optimized with the Yoast SEO plugin v20.7 - https:\/\/yoast.com\/wordpress\/plugins\/seo\/ -->\n<title>Mistatera Relaxing CBD Face Cream - CBDshop.club<\/title>\n<meta name=\"robots\" content=\"index, follow, max-snippet:-1, max-image-preview:large, max-video-preview:-1\" \/>\n<link rel=\"canonical\" href=\"https:\/\/cbdshop.club\/hr\/shop\/cbd-krema\/cbd-krema-za-lice\/\" \/>\n<meta property=\"og:locale\" content=\"hr_HR\" \/>\n<meta property=\"og:type\" content=\"article\" \/>\n<meta property=\"og:title\" content=\"Mistatera Relaxing CBD Face Cream - CBDshop.club\" \/>\n<meta property=\"og:description\" content=\"Relax, restore and renew. This nourishing, ultra-moisturizing cream melts on contact leaving skin with a velveteen finish. A calm sense of well-being awaits you. Specifically formulated for face and neck, our Mistatera CBD Cream blends fresh-pressed Hemp Resin with luxurious moisturizing agents like shea butter, almond and jojoba oil. The cannabinoids produced by the hemp [&hellip;]\" \/>\n<meta property=\"og:url\" content=\"https:\/\/cbdshop.club\/hr\/shop\/cbd-krema\/cbd-krema-za-lice\/\" \/>\n<meta property=\"og:site_name\" content=\"CBDshop.club\" \/>\n<meta property=\"article:modified_time\" content=\"2023-11-09T08:45:33+00:00\" \/>\n<meta property=\"og:image\" content=\"https:\/\/cbdshop.club\/wp-content\/uploads\/2023\/01\/konopljina-cbd-krema-za-obraz-mistatera-prodimg-58_small_bd8bef56-a5fe-4022-8817-9ba89e5e5713.jpg\" \/>\n\t<meta property=\"og:image:width\" content=\"450\" \/>\n\t<meta property=\"og:image:height\" content=\"450\" \/>\n\t<meta property=\"og:image:type\" content=\"image\/jpeg\" \/>\n<meta name=\"twitter:card\" content=\"summary_large_image\" \/>\n<meta name=\"twitter:label1\" content=\"Procijenjeno vrijeme \u010ditanja\" \/>\n\t<meta name=\"twitter:data1\" content=\"1 minuta\" \/>\n<script type=\"application\/ld+json\" class=\"yoast-schema-graph\">{\"@context\":\"https:\/\/schema.org\",\"@graph\":[{\"@type\":\"WebPage\",\"@id\":\"https:\/\/cbdshop.club\/shop\/cbd-hemp-creme\/hemp-cbd-face-cream-mistatera\/\",\"url\":\"https:\/\/cbdshop.club\/shop\/cbd-hemp-creme\/hemp-cbd-face-cream-mistatera\/\",\"name\":\"Mistatera Relaxing CBD Face Cream - CBDshop.club\",\"isPartOf\":{\"@id\":\"https:\/\/cbdshop.club\/#website\"},\"datePublished\":\"2023-01-25T08:56:48+00:00\",\"dateModified\":\"2023-11-09T08:45:33+00:00\",\"breadcrumb\":{\"@id\":\"https:\/\/cbdshop.club\/shop\/cbd-hemp-creme\/hemp-cbd-face-cream-mistatera\/#breadcrumb\"},\"inLanguage\":\"hr\",\"potentialAction\":[{\"@type\":\"ReadAction\",\"target\":[\"https:\/\/cbdshop.club\/shop\/cbd-hemp-creme\/hemp-cbd-face-cream-mistatera\/\"]}]},{\"@type\":\"BreadcrumbList\",\"@id\":\"https:\/\/cbdshop.club\/shop\/cbd-hemp-creme\/hemp-cbd-face-cream-mistatera\/#breadcrumb\",\"itemListElement\":[{\"@type\":\"ListItem\",\"position\":1,\"name\":\"Shop\",\"item\":\"https:\/\/cbdshop.club\/shop\/\"},{\"@type\":\"ListItem\",\"position\":2,\"name\":\"Mistatera Relaxing CBD Face Cream\"}]},{\"@type\":\"WebSite\",\"@id\":\"https:\/\/cbdshop.club\/#website\",\"url\":\"https:\/\/cbdshop.club\/\",\"name\":\"CBDshop.club\",\"description\":\"CBD Online Shop\",\"publisher\":{\"@id\":\"https:\/\/cbdshop.club\/#organization\"},\"potentialAction\":[{\"@type\":\"SearchAction\",\"target\":{\"@type\":\"EntryPoint\",\"urlTemplate\":\"https:\/\/cbdshop.club\/?s={search_term_string}\"},\"query-input\":\"required name=search_term_string\"}],\"inLanguage\":\"hr\"},{\"@type\":\"Organization\",\"@id\":\"https:\/\/cbdshop.club\/#organization\",\"name\":\"CBDshop.club\",\"url\":\"https:\/\/cbdshop.club\/\",\"logo\":{\"@type\":\"ImageObject\",\"inLanguage\":\"hr\",\"@id\":\"https:\/\/cbdshop.club\/#\/schema\/logo\/image\/\",\"url\":\"https:\/\/cbdshop.club\/wp-content\/uploads\/2023\/01\/cbdshop.club-logo.svg\",\"contentUrl\":\"https:\/\/cbdshop.club\/wp-content\/uploads\/2023\/01\/cbdshop.club-logo.svg\",\"width\":12,\"height\":4,\"caption\":\"CBDshop.club\"},\"image\":{\"@id\":\"https:\/\/cbdshop.club\/#\/schema\/logo\/image\/\"}}]}<\/script>\n<!-- \/ Yoast SEO plugin. -->","yoast_head_json":{"title":"Mistatera Relaxing CBD Face Cream - CBDshop.club","robots":{"index":"index","follow":"follow","max-snippet":"max-snippet:-1","max-image-preview":"max-image-preview:large","max-video-preview":"max-video-preview:-1"},"canonical":"https:\/\/cbdshop.club\/hr\/shop\/cbd-krema\/cbd-krema-za-lice\/","og_locale":"hr_HR","og_type":"article","og_title":"Mistatera Relaxing CBD Face Cream - CBDshop.club","og_description":"Relax, restore and renew. This nourishing, ultra-moisturizing cream melts on contact leaving skin with a velveteen finish. A calm sense of well-being awaits you. Specifically formulated for face and neck, our Mistatera CBD Cream blends fresh-pressed Hemp Resin with luxurious moisturizing agents like shea butter, almond and jojoba oil. The cannabinoids produced by the hemp [&hellip;]","og_url":"https:\/\/cbdshop.club\/hr\/shop\/cbd-krema\/cbd-krema-za-lice\/","og_site_name":"CBDshop.club","article_modified_time":"2023-11-09T08:45:33+00:00","og_image":[{"width":450,"height":450,"url":"https:\/\/cbdshop.club\/wp-content\/uploads\/2023\/01\/konopljina-cbd-krema-za-obraz-mistatera-prodimg-58_small_bd8bef56-a5fe-4022-8817-9ba89e5e5713.jpg","type":"image\/jpeg"}],"twitter_card":"summary_large_image","twitter_misc":{"Procijenjeno vrijeme \u010ditanja":"1 minuta"},"schema":{"@context":"https:\/\/schema.org","@graph":[{"@type":"WebPage","@id":"https:\/\/cbdshop.club\/shop\/cbd-hemp-creme\/hemp-cbd-face-cream-mistatera\/","url":"https:\/\/cbdshop.club\/shop\/cbd-hemp-creme\/hemp-cbd-face-cream-mistatera\/","name":"Mistatera Relaxing CBD Face Cream - CBDshop.club","isPartOf":{"@id":"https:\/\/cbdshop.club\/#website"},"datePublished":"2023-01-25T08:56:48+00:00","dateModified":"2023-11-09T08:45:33+00:00","breadcrumb":{"@id":"https:\/\/cbdshop.club\/shop\/cbd-hemp-creme\/hemp-cbd-face-cream-mistatera\/#breadcrumb"},"inLanguage":"hr","potentialAction":[{"@type":"ReadAction","target":["https:\/\/cbdshop.club\/shop\/cbd-hemp-creme\/hemp-cbd-face-cream-mistatera\/"]}]},{"@type":"BreadcrumbList","@id":"https:\/\/cbdshop.club\/shop\/cbd-hemp-creme\/hemp-cbd-face-cream-mistatera\/#breadcrumb","itemListElement":[{"@type":"ListItem","position":1,"name":"Shop","item":"https:\/\/cbdshop.club\/shop\/"},{"@type":"ListItem","position":2,"name":"Mistatera Relaxing CBD Face Cream"}]},{"@type":"WebSite","@id":"https:\/\/cbdshop.club\/#website","url":"https:\/\/cbdshop.club\/","name":"CBDshop.club","description":"CBD Online Shop","publisher":{"@id":"https:\/\/cbdshop.club\/#organization"},"potentialAction":[{"@type":"SearchAction","target":{"@type":"EntryPoint","urlTemplate":"https:\/\/cbdshop.club\/?s={search_term_string}"},"query-input":"required name=search_term_string"}],"inLanguage":"hr"},{"@type":"Organization","@id":"https:\/\/cbdshop.club\/#organization","name":"CBDshop.club","url":"https:\/\/cbdshop.club\/","logo":{"@type":"ImageObject","inLanguage":"hr","@id":"https:\/\/cbdshop.club\/#\/schema\/logo\/image\/","url":"https:\/\/cbdshop.club\/wp-content\/uploads\/2023\/01\/cbdshop.club-logo.svg","contentUrl":"https:\/\/cbdshop.club\/wp-content\/uploads\/2023\/01\/cbdshop.club-logo.svg","width":12,"height":4,"caption":"CBDshop.club"},"image":{"@id":"https:\/\/cbdshop.club\/#\/schema\/logo\/image\/"}}]}},"_links":{"self":[{"href":"https:\/\/cbdshop.club\/hr\/wp-json\/wp\/v2\/product\/491","targetHints":{"allow":["GET"]}}],"collection":[{"href":"https:\/\/cbdshop.club\/hr\/wp-json\/wp\/v2\/product"}],"about":[{"href":"https:\/\/cbdshop.club\/hr\/wp-json\/wp\/v2\/types\/product"}],"wp:featuredmedia":[{"embeddable":true,"href":"https:\/\/cbdshop.club\/hr\/wp-json\/wp\/v2\/media\/490"}],"wp:attachment":[{"href":"https:\/\/cbdshop.club\/hr\/wp-json\/wp\/v2\/media?parent=491"}],"wp:term":[{"taxonomy":"product_cat","embeddable":true,"href":"https:\/\/cbdshop.club\/hr\/wp-json\/wp\/v2\/product_cat?post=491"},{"taxonomy":"product_tag","embeddable":true,"href":"https:\/\/cbdshop.club\/hr\/wp-json\/wp\/v2\/product_tag?post=491"}],"curies":[{"name":"wp","href":"https:\/\/api.w.org\/{rel}","templated":true}]}}