{"id":1739,"date":"2023-05-18T10:14:45","date_gmt":"2023-05-18T10:14:45","guid":{"rendered":"https:\/\/cbdshop.club\/?post_type=product&#038;p=1739"},"modified":"2023-05-18T10:15:36","modified_gmt":"2023-05-18T10:15:36","slug":"og-kush-seeds-10pcs","status":"publish","type":"product","link":"https:\/\/cbdshop.club\/hr\/shop\/sjemenke-konoplje\/sjemenke-og-kush-10pcs\/","title":{"rendered":"Sjemenke Og Kush (10pcs)"},"content":{"rendered":"<p>Certificirano feminizirano sjeme (10 pcs)<br \/>\nVrijednosti: CBD 10-12, THC 0,1-0,2%.<\/p>\n<p>Sjeme OG Kush uzgaja se u \u0160vicarskoj organski, bez upotrebe pesticida, herbicida ili drugih kemikalija. CBD OG Kush \u017eenski cvjetovi jedno su od najpopularnijih legalnih CBD sjemenki konoplje na tr\u017ei\u0161tu jer izgledaju sna\u017eno, miri\u0161u i gusti su. Sjeme se prodaje kao suvenir i za potrebe odr\u017eavanja genetskih biljaka.<\/p>\n<p><strong>Tehni\u010dki podaci:<\/strong><br \/>\nCertificirano feminizirano sjeme<br \/>\nVrijednosti: CBD 10-12%, THC 0,1-0,2% (prikladno za EU)<br \/>\nVegetacija: (prosje\u010dno): 4 do 6 tjedana<br \/>\nCvatnja (prosje\u010dno): 6 do 7 tjedana<br \/>\nIzgled: cvatovi srednje veli\u010dine, smola svijetle boje, karakteristi\u010dna za soj<br \/>\nCvijet: intenzivan, karakteristi\u010dan za soj OG Kush, primamljiv<br \/>\nTekstura: Izvrstan stupanj kompaktnosti<\/p>","protected":false},"excerpt":{"rendered":"<p>Certified feminized Seeds (10 pcs) Values: CBD 10-12, THC 0.1-0.2% High-quality, certified Cannabis Sativa L. OG Kush Seeds are grown in Switzerland in an organic way that doesn&#8217;t use pesticides, herbicides, or other chemicals. CBD OG Kush female inflorescences are some of the most popular legal CBD Cannabis on the market because of how strong [&hellip;]<\/p>","protected":false},"featured_media":1720,"template":"","meta":{"inline_featured_image":false},"product_cat":[43],"product_tag":[],"class_list":["post-1739","product","type-product","status-publish","has-post-thumbnail","hentry","product_cat-feminized-cannabis-seed"],"yoast_head":"<!-- This site is optimized with the Yoast SEO plugin v20.7 - https:\/\/yoast.com\/wordpress\/plugins\/seo\/ -->\n<title>Og Kush Seeds (10pcs) - CBDshop.club<\/title>\n<meta name=\"description\" content=\"CBD OG Kush female inflorescences are some of the most popular legal CBD Cannabis on the market because of how strong they look, how they smell, and how dense they are.\" \/>\n<meta name=\"robots\" content=\"index, follow, max-snippet:-1, max-image-preview:large, max-video-preview:-1\" \/>\n<link rel=\"canonical\" href=\"https:\/\/cbdshop.club\/hr\/shop\/sjemenke-konoplje\/sjemenke-og-kush-10pcs\/\" \/>\n<meta property=\"og:locale\" content=\"hr_HR\" \/>\n<meta property=\"og:type\" content=\"article\" \/>\n<meta property=\"og:title\" content=\"Og Kush Seeds (10pcs) - CBDshop.club\" \/>\n<meta property=\"og:description\" content=\"CBD OG Kush female inflorescences are some of the most popular legal CBD Cannabis on the market because of how strong they look, how they smell, and how dense they are.\" \/>\n<meta property=\"og:url\" content=\"https:\/\/cbdshop.club\/hr\/shop\/sjemenke-konoplje\/sjemenke-og-kush-10pcs\/\" \/>\n<meta property=\"og:site_name\" content=\"CBDshop.club\" \/>\n<meta property=\"article:modified_time\" content=\"2023-05-18T10:15:36+00:00\" \/>\n<meta property=\"og:image\" content=\"https:\/\/cbdshop.club\/wp-content\/uploads\/2023\/05\/seeds-og-Kush-eu-cbd-logistics-764-min.jpg\" \/>\n\t<meta property=\"og:image:width\" content=\"500\" \/>\n\t<meta property=\"og:image:height\" content=\"500\" \/>\n\t<meta property=\"og:image:type\" content=\"image\/jpeg\" \/>\n<meta name=\"twitter:card\" content=\"summary_large_image\" \/>\n<meta name=\"twitter:label1\" content=\"Procijenjeno vrijeme \u010ditanja\" \/>\n\t<meta name=\"twitter:data1\" content=\"1 minuta\" \/>\n<script type=\"application\/ld+json\" class=\"yoast-schema-graph\">{\"@context\":\"https:\/\/schema.org\",\"@graph\":[{\"@type\":\"WebPage\",\"@id\":\"https:\/\/cbdshop.club\/shop\/feminized-cannabis-seed\/og-kush-seeds-10pcs\/\",\"url\":\"https:\/\/cbdshop.club\/shop\/feminized-cannabis-seed\/og-kush-seeds-10pcs\/\",\"name\":\"Og Kush Seeds (10pcs) - CBDshop.club\",\"isPartOf\":{\"@id\":\"https:\/\/cbdshop.club\/#website\"},\"datePublished\":\"2023-05-18T10:14:45+00:00\",\"dateModified\":\"2023-05-18T10:15:36+00:00\",\"description\":\"CBD OG Kush female inflorescences are some of the most popular legal CBD Cannabis on the market because of how strong they look, how they smell, and how dense they are.\",\"breadcrumb\":{\"@id\":\"https:\/\/cbdshop.club\/shop\/feminized-cannabis-seed\/og-kush-seeds-10pcs\/#breadcrumb\"},\"inLanguage\":\"hr\",\"potentialAction\":[{\"@type\":\"ReadAction\",\"target\":[\"https:\/\/cbdshop.club\/shop\/feminized-cannabis-seed\/og-kush-seeds-10pcs\/\"]}]},{\"@type\":\"BreadcrumbList\",\"@id\":\"https:\/\/cbdshop.club\/shop\/feminized-cannabis-seed\/og-kush-seeds-10pcs\/#breadcrumb\",\"itemListElement\":[{\"@type\":\"ListItem\",\"position\":1,\"name\":\"Shop\",\"item\":\"https:\/\/cbdshop.club\/shop\/\"},{\"@type\":\"ListItem\",\"position\":2,\"name\":\"Og Kush Seeds (10pcs)\"}]},{\"@type\":\"WebSite\",\"@id\":\"https:\/\/cbdshop.club\/#website\",\"url\":\"https:\/\/cbdshop.club\/\",\"name\":\"CBDshop.club\",\"description\":\"CBD Online Shop\",\"publisher\":{\"@id\":\"https:\/\/cbdshop.club\/#organization\"},\"potentialAction\":[{\"@type\":\"SearchAction\",\"target\":{\"@type\":\"EntryPoint\",\"urlTemplate\":\"https:\/\/cbdshop.club\/?s={search_term_string}\"},\"query-input\":\"required name=search_term_string\"}],\"inLanguage\":\"hr\"},{\"@type\":\"Organization\",\"@id\":\"https:\/\/cbdshop.club\/#organization\",\"name\":\"CBDshop.club\",\"url\":\"https:\/\/cbdshop.club\/\",\"logo\":{\"@type\":\"ImageObject\",\"inLanguage\":\"hr\",\"@id\":\"https:\/\/cbdshop.club\/#\/schema\/logo\/image\/\",\"url\":\"https:\/\/cbdshop.club\/wp-content\/uploads\/2023\/01\/cbdshop.club-logo.svg\",\"contentUrl\":\"https:\/\/cbdshop.club\/wp-content\/uploads\/2023\/01\/cbdshop.club-logo.svg\",\"width\":12,\"height\":4,\"caption\":\"CBDshop.club\"},\"image\":{\"@id\":\"https:\/\/cbdshop.club\/#\/schema\/logo\/image\/\"}}]}<\/script>\n<!-- \/ Yoast SEO plugin. -->","yoast_head_json":{"title":"Og Kush Seeds (10pcs) - CBDshop.club","description":"CBD OG Kush female inflorescences are some of the most popular legal CBD Cannabis on the market because of how strong they look, how they smell, and how dense they are.","robots":{"index":"index","follow":"follow","max-snippet":"max-snippet:-1","max-image-preview":"max-image-preview:large","max-video-preview":"max-video-preview:-1"},"canonical":"https:\/\/cbdshop.club\/hr\/shop\/sjemenke-konoplje\/sjemenke-og-kush-10pcs\/","og_locale":"hr_HR","og_type":"article","og_title":"Og Kush Seeds (10pcs) - CBDshop.club","og_description":"CBD OG Kush female inflorescences are some of the most popular legal CBD Cannabis on the market because of how strong they look, how they smell, and how dense they are.","og_url":"https:\/\/cbdshop.club\/hr\/shop\/sjemenke-konoplje\/sjemenke-og-kush-10pcs\/","og_site_name":"CBDshop.club","article_modified_time":"2023-05-18T10:15:36+00:00","og_image":[{"width":500,"height":500,"url":"https:\/\/cbdshop.club\/wp-content\/uploads\/2023\/05\/seeds-og-Kush-eu-cbd-logistics-764-min.jpg","type":"image\/jpeg"}],"twitter_card":"summary_large_image","twitter_misc":{"Procijenjeno vrijeme \u010ditanja":"1 minuta"},"schema":{"@context":"https:\/\/schema.org","@graph":[{"@type":"WebPage","@id":"https:\/\/cbdshop.club\/shop\/feminized-cannabis-seed\/og-kush-seeds-10pcs\/","url":"https:\/\/cbdshop.club\/shop\/feminized-cannabis-seed\/og-kush-seeds-10pcs\/","name":"Og Kush Seeds (10pcs) - CBDshop.club","isPartOf":{"@id":"https:\/\/cbdshop.club\/#website"},"datePublished":"2023-05-18T10:14:45+00:00","dateModified":"2023-05-18T10:15:36+00:00","description":"CBD OG Kush female inflorescences are some of the most popular legal CBD Cannabis on the market because of how strong they look, how they smell, and how dense they are.","breadcrumb":{"@id":"https:\/\/cbdshop.club\/shop\/feminized-cannabis-seed\/og-kush-seeds-10pcs\/#breadcrumb"},"inLanguage":"hr","potentialAction":[{"@type":"ReadAction","target":["https:\/\/cbdshop.club\/shop\/feminized-cannabis-seed\/og-kush-seeds-10pcs\/"]}]},{"@type":"BreadcrumbList","@id":"https:\/\/cbdshop.club\/shop\/feminized-cannabis-seed\/og-kush-seeds-10pcs\/#breadcrumb","itemListElement":[{"@type":"ListItem","position":1,"name":"Shop","item":"https:\/\/cbdshop.club\/shop\/"},{"@type":"ListItem","position":2,"name":"Og Kush Seeds (10pcs)"}]},{"@type":"WebSite","@id":"https:\/\/cbdshop.club\/#website","url":"https:\/\/cbdshop.club\/","name":"CBDshop.club","description":"CBD Online Shop","publisher":{"@id":"https:\/\/cbdshop.club\/#organization"},"potentialAction":[{"@type":"SearchAction","target":{"@type":"EntryPoint","urlTemplate":"https:\/\/cbdshop.club\/?s={search_term_string}"},"query-input":"required name=search_term_string"}],"inLanguage":"hr"},{"@type":"Organization","@id":"https:\/\/cbdshop.club\/#organization","name":"CBDshop.club","url":"https:\/\/cbdshop.club\/","logo":{"@type":"ImageObject","inLanguage":"hr","@id":"https:\/\/cbdshop.club\/#\/schema\/logo\/image\/","url":"https:\/\/cbdshop.club\/wp-content\/uploads\/2023\/01\/cbdshop.club-logo.svg","contentUrl":"https:\/\/cbdshop.club\/wp-content\/uploads\/2023\/01\/cbdshop.club-logo.svg","width":12,"height":4,"caption":"CBDshop.club"},"image":{"@id":"https:\/\/cbdshop.club\/#\/schema\/logo\/image\/"}}]}},"_links":{"self":[{"href":"https:\/\/cbdshop.club\/hr\/wp-json\/wp\/v2\/product\/1739","targetHints":{"allow":["GET"]}}],"collection":[{"href":"https:\/\/cbdshop.club\/hr\/wp-json\/wp\/v2\/product"}],"about":[{"href":"https:\/\/cbdshop.club\/hr\/wp-json\/wp\/v2\/types\/product"}],"wp:featuredmedia":[{"embeddable":true,"href":"https:\/\/cbdshop.club\/hr\/wp-json\/wp\/v2\/media\/1720"}],"wp:attachment":[{"href":"https:\/\/cbdshop.club\/hr\/wp-json\/wp\/v2\/media?parent=1739"}],"wp:term":[{"taxonomy":"product_cat","embeddable":true,"href":"https:\/\/cbdshop.club\/hr\/wp-json\/wp\/v2\/product_cat?post=1739"},{"taxonomy":"product_tag","embeddable":true,"href":"https:\/\/cbdshop.club\/hr\/wp-json\/wp\/v2\/product_tag?post=1739"}],"curies":[{"name":"wp","href":"https:\/\/api.w.org\/{rel}","templated":true}]}}