{"id":1734,"date":"2023-05-18T10:08:57","date_gmt":"2023-05-18T10:08:57","guid":{"rendered":"https:\/\/cbdshop.club\/?post_type=product&#038;p=1734"},"modified":"2023-05-18T10:10:42","modified_gmt":"2023-05-18T10:10:42","slug":"blueberry-seeds-5pcs","status":"publish","type":"product","link":"https:\/\/cbdshop.club\/hr\/shop\/sjemenke-konoplje\/sjemenke-blueberry-5pcs\/","title":{"rendered":"Sjemenke Blueberry  (5pcs)"},"content":{"rendered":"<p>Certificirano feminizirano sjeme (5 pcs)<br \/>\nVrijednosti: CBD 10-12, THC 0,1-0,2%.<\/p>\n<p>Visokokvalitetne certificirane sjemenke Cannabis Sativa L. borovnice uzgajaju se u \u0160vicarskoj organski bez upotrebe pesticida, herbicida ili drugih kemikalija. \u017denski cvjetovi CBD borovnice me\u0111u najpopularnijim su legalnim CBD sjemenkama kanabisa na tr\u017ei\u0161tu. Karakteristi\u010dne su plavo\/ljubi\u010daste boje, jakog mirisa i guste strukture.<\/p>\n<p><strong>Tehni\u010dki podaci:<\/strong><br \/>\nCertificirano feminizirano sjeme<br \/>\nVrijednosti: CBD 10-12%, THC 0,1-0,2% (prikladno za EU)<br \/>\nVegetacija: (prosje\u010dno): 4 do 6 tjedana<br \/>\nCvatnja (prosje\u010dno): 6 do 7 tjedana - branje, \u0161tavljenje i pakiranje (4 tjedna)<br \/>\nIzgled: cvatovi srednje veli\u010dine, zeleni\/plavi\/ljubi\u010dasti, s prisutno\u0161\u0107u smole<br \/>\nCvijet: intenzivna karakteristi\u010dna sorta<br \/>\nTekstura: srednje visoki stupanj zbijenosti<\/p>","protected":false},"excerpt":{"rendered":"<p>Certified feminized Seeds (5 pcs) Values: CBD 10-12, THC 0.1-0.2% High-quality, certified Cannabis Sativa L. Blueberry seeds are grown in Switzerland in an organic way that doesn&#8217;t use pesticides, herbicides, or other chemicals. CBD Blueberry female inflorescences are some of the most popular legal CBD Cannabis on the market. They have a distinctive blue\/purple color, [&hellip;]<\/p>","protected":false},"featured_media":1724,"template":"","meta":{"inline_featured_image":false},"product_cat":[43],"product_tag":[],"class_list":["post-1734","product","type-product","status-publish","has-post-thumbnail","hentry","product_cat-feminized-cannabis-seed"],"yoast_head":"<!-- This site is optimized with the Yoast SEO plugin v20.7 - https:\/\/yoast.com\/wordpress\/plugins\/seo\/ -->\n<title>Blueberry seeds (5pcs) - CBDshop.club<\/title>\n<meta name=\"description\" content=\"CBD Blueberry female inflorescences are some of the most popular legal CBD Cannabis on the market. Read more!\" \/>\n<meta name=\"robots\" content=\"index, follow, max-snippet:-1, max-image-preview:large, max-video-preview:-1\" \/>\n<link rel=\"canonical\" href=\"https:\/\/cbdshop.club\/hr\/shop\/sjemenke-konoplje\/sjemenke-blueberry-5pcs\/\" \/>\n<meta property=\"og:locale\" content=\"hr_HR\" \/>\n<meta property=\"og:type\" content=\"article\" \/>\n<meta property=\"og:title\" content=\"Blueberry seeds (5pcs) - CBDshop.club\" \/>\n<meta property=\"og:description\" content=\"CBD Blueberry female inflorescences are some of the most popular legal CBD Cannabis on the market. Read more!\" \/>\n<meta property=\"og:url\" content=\"https:\/\/cbdshop.club\/hr\/shop\/sjemenke-konoplje\/sjemenke-blueberry-5pcs\/\" \/>\n<meta property=\"og:site_name\" content=\"CBDshop.club\" \/>\n<meta property=\"article:modified_time\" content=\"2023-05-18T10:10:42+00:00\" \/>\n<meta property=\"og:image\" content=\"https:\/\/cbdshop.club\/wp-content\/uploads\/2023\/05\/seeds-blueberry-eu-cbd-logistics-773-min.jpg\" \/>\n\t<meta property=\"og:image:width\" content=\"500\" \/>\n\t<meta property=\"og:image:height\" content=\"500\" \/>\n\t<meta property=\"og:image:type\" content=\"image\/jpeg\" \/>\n<meta name=\"twitter:card\" content=\"summary_large_image\" \/>\n<meta name=\"twitter:label1\" content=\"Procijenjeno vrijeme \u010ditanja\" \/>\n\t<meta name=\"twitter:data1\" content=\"1 minuta\" \/>\n<script type=\"application\/ld+json\" class=\"yoast-schema-graph\">{\"@context\":\"https:\/\/schema.org\",\"@graph\":[{\"@type\":\"WebPage\",\"@id\":\"https:\/\/cbdshop.club\/shop\/feminized-cannabis-seed\/blueberry-seeds-5pcs\/\",\"url\":\"https:\/\/cbdshop.club\/shop\/feminized-cannabis-seed\/blueberry-seeds-5pcs\/\",\"name\":\"Blueberry seeds (5pcs) - CBDshop.club\",\"isPartOf\":{\"@id\":\"https:\/\/cbdshop.club\/#website\"},\"datePublished\":\"2023-05-18T10:08:57+00:00\",\"dateModified\":\"2023-05-18T10:10:42+00:00\",\"description\":\"CBD Blueberry female inflorescences are some of the most popular legal CBD Cannabis on the market. Read more!\",\"breadcrumb\":{\"@id\":\"https:\/\/cbdshop.club\/shop\/feminized-cannabis-seed\/blueberry-seeds-5pcs\/#breadcrumb\"},\"inLanguage\":\"hr\",\"potentialAction\":[{\"@type\":\"ReadAction\",\"target\":[\"https:\/\/cbdshop.club\/shop\/feminized-cannabis-seed\/blueberry-seeds-5pcs\/\"]}]},{\"@type\":\"BreadcrumbList\",\"@id\":\"https:\/\/cbdshop.club\/shop\/feminized-cannabis-seed\/blueberry-seeds-5pcs\/#breadcrumb\",\"itemListElement\":[{\"@type\":\"ListItem\",\"position\":1,\"name\":\"Shop\",\"item\":\"https:\/\/cbdshop.club\/shop\/\"},{\"@type\":\"ListItem\",\"position\":2,\"name\":\"Blueberry seeds (5pcs)\"}]},{\"@type\":\"WebSite\",\"@id\":\"https:\/\/cbdshop.club\/#website\",\"url\":\"https:\/\/cbdshop.club\/\",\"name\":\"CBDshop.club\",\"description\":\"CBD Online Shop\",\"publisher\":{\"@id\":\"https:\/\/cbdshop.club\/#organization\"},\"potentialAction\":[{\"@type\":\"SearchAction\",\"target\":{\"@type\":\"EntryPoint\",\"urlTemplate\":\"https:\/\/cbdshop.club\/?s={search_term_string}\"},\"query-input\":\"required name=search_term_string\"}],\"inLanguage\":\"hr\"},{\"@type\":\"Organization\",\"@id\":\"https:\/\/cbdshop.club\/#organization\",\"name\":\"CBDshop.club\",\"url\":\"https:\/\/cbdshop.club\/\",\"logo\":{\"@type\":\"ImageObject\",\"inLanguage\":\"hr\",\"@id\":\"https:\/\/cbdshop.club\/#\/schema\/logo\/image\/\",\"url\":\"https:\/\/cbdshop.club\/wp-content\/uploads\/2023\/01\/cbdshop.club-logo.svg\",\"contentUrl\":\"https:\/\/cbdshop.club\/wp-content\/uploads\/2023\/01\/cbdshop.club-logo.svg\",\"width\":12,\"height\":4,\"caption\":\"CBDshop.club\"},\"image\":{\"@id\":\"https:\/\/cbdshop.club\/#\/schema\/logo\/image\/\"}}]}<\/script>\n<!-- \/ Yoast SEO plugin. -->","yoast_head_json":{"title":"Blueberry seeds (5pcs) - CBDshop.club","description":"CBD Blueberry female inflorescences are some of the most popular legal CBD Cannabis on the market. Read more!","robots":{"index":"index","follow":"follow","max-snippet":"max-snippet:-1","max-image-preview":"max-image-preview:large","max-video-preview":"max-video-preview:-1"},"canonical":"https:\/\/cbdshop.club\/hr\/shop\/sjemenke-konoplje\/sjemenke-blueberry-5pcs\/","og_locale":"hr_HR","og_type":"article","og_title":"Blueberry seeds (5pcs) - CBDshop.club","og_description":"CBD Blueberry female inflorescences are some of the most popular legal CBD Cannabis on the market. Read more!","og_url":"https:\/\/cbdshop.club\/hr\/shop\/sjemenke-konoplje\/sjemenke-blueberry-5pcs\/","og_site_name":"CBDshop.club","article_modified_time":"2023-05-18T10:10:42+00:00","og_image":[{"width":500,"height":500,"url":"https:\/\/cbdshop.club\/wp-content\/uploads\/2023\/05\/seeds-blueberry-eu-cbd-logistics-773-min.jpg","type":"image\/jpeg"}],"twitter_card":"summary_large_image","twitter_misc":{"Procijenjeno vrijeme \u010ditanja":"1 minuta"},"schema":{"@context":"https:\/\/schema.org","@graph":[{"@type":"WebPage","@id":"https:\/\/cbdshop.club\/shop\/feminized-cannabis-seed\/blueberry-seeds-5pcs\/","url":"https:\/\/cbdshop.club\/shop\/feminized-cannabis-seed\/blueberry-seeds-5pcs\/","name":"Blueberry seeds (5pcs) - CBDshop.club","isPartOf":{"@id":"https:\/\/cbdshop.club\/#website"},"datePublished":"2023-05-18T10:08:57+00:00","dateModified":"2023-05-18T10:10:42+00:00","description":"CBD Blueberry female inflorescences are some of the most popular legal CBD Cannabis on the market. Read more!","breadcrumb":{"@id":"https:\/\/cbdshop.club\/shop\/feminized-cannabis-seed\/blueberry-seeds-5pcs\/#breadcrumb"},"inLanguage":"hr","potentialAction":[{"@type":"ReadAction","target":["https:\/\/cbdshop.club\/shop\/feminized-cannabis-seed\/blueberry-seeds-5pcs\/"]}]},{"@type":"BreadcrumbList","@id":"https:\/\/cbdshop.club\/shop\/feminized-cannabis-seed\/blueberry-seeds-5pcs\/#breadcrumb","itemListElement":[{"@type":"ListItem","position":1,"name":"Shop","item":"https:\/\/cbdshop.club\/shop\/"},{"@type":"ListItem","position":2,"name":"Blueberry seeds (5pcs)"}]},{"@type":"WebSite","@id":"https:\/\/cbdshop.club\/#website","url":"https:\/\/cbdshop.club\/","name":"CBDshop.club","description":"CBD Online Shop","publisher":{"@id":"https:\/\/cbdshop.club\/#organization"},"potentialAction":[{"@type":"SearchAction","target":{"@type":"EntryPoint","urlTemplate":"https:\/\/cbdshop.club\/?s={search_term_string}"},"query-input":"required name=search_term_string"}],"inLanguage":"hr"},{"@type":"Organization","@id":"https:\/\/cbdshop.club\/#organization","name":"CBDshop.club","url":"https:\/\/cbdshop.club\/","logo":{"@type":"ImageObject","inLanguage":"hr","@id":"https:\/\/cbdshop.club\/#\/schema\/logo\/image\/","url":"https:\/\/cbdshop.club\/wp-content\/uploads\/2023\/01\/cbdshop.club-logo.svg","contentUrl":"https:\/\/cbdshop.club\/wp-content\/uploads\/2023\/01\/cbdshop.club-logo.svg","width":12,"height":4,"caption":"CBDshop.club"},"image":{"@id":"https:\/\/cbdshop.club\/#\/schema\/logo\/image\/"}}]}},"_links":{"self":[{"href":"https:\/\/cbdshop.club\/hr\/wp-json\/wp\/v2\/product\/1734","targetHints":{"allow":["GET"]}}],"collection":[{"href":"https:\/\/cbdshop.club\/hr\/wp-json\/wp\/v2\/product"}],"about":[{"href":"https:\/\/cbdshop.club\/hr\/wp-json\/wp\/v2\/types\/product"}],"wp:featuredmedia":[{"embeddable":true,"href":"https:\/\/cbdshop.club\/hr\/wp-json\/wp\/v2\/media\/1724"}],"wp:attachment":[{"href":"https:\/\/cbdshop.club\/hr\/wp-json\/wp\/v2\/media?parent=1734"}],"wp:term":[{"taxonomy":"product_cat","embeddable":true,"href":"https:\/\/cbdshop.club\/hr\/wp-json\/wp\/v2\/product_cat?post=1734"},{"taxonomy":"product_tag","embeddable":true,"href":"https:\/\/cbdshop.club\/hr\/wp-json\/wp\/v2\/product_tag?post=1734"}],"curies":[{"name":"wp","href":"https:\/\/api.w.org\/{rel}","templated":true}]}}