{"id":1622,"date":"2023-03-30T11:11:50","date_gmt":"2023-03-30T11:11:50","guid":{"rendered":"https:\/\/cbdshop.club\/?post_type=product&#038;p=1622"},"modified":"2023-05-18T10:58:58","modified_gmt":"2023-05-18T10:58:58","slug":"15-cbd-spray-immunity-nq","status":"publish","type":"product","link":"https:\/\/cbdshop.club\/hr\/shop\/cbd-kapi\/15-cbd-sprej-immunity-nq\/","title":{"rendered":"15% CBD Sprej \u2013 Immunity, NQ"},"content":{"rendered":"<p>Pove\u0107ajte otpornost i zdravlje va\u0161eg organizma. Vitamin D3 (25.000 IU) i CBD (15%) savr\u0161eno funkcioniraju zajedno kako bi pomogli tijelu da odr\u017ei zdrav i osjetljiv imunolo\u0161ki sustav.<\/p>\n<p>Odavno je poznato da vitamin D3 poma\u017ee uro\u0111enom imunolo\u0161kom sustavu tijela da se ubrza, \u0161to dovodi do proizvodnje tvari koje uni\u0161tavaju \u0161tetne bakterije u ljudskom tijelu.<\/p>\n<p>Dolazi u prakti\u010dnoj bo\u010dici s raspr\u0161iva\u010dem, tako da vam nakon toga ne\u0107e trebati \u017elica niti brinuti o \u010di\u0161\u0107enju. Jednostavno izmjerite dnevnu koli\u010dinu i rasporedite je kroz dan, jer svaka pojedina\u010dna doza sadr\u017ei 7,5 mg CBD-a.<\/p>\n<p>Na\u0161i proizvodi razvijeni su i formulirani uz pomo\u0107 tvrtki koje slijede HACCP i GMP smjernice u svojim procesima istra\u017eivanja i razvoja te proizvodnje. Na\u0161i proizvodi tako\u0111er ne sadr\u017ee umjetne sastojke, gluten, \u0161e\u0107er ili alkohol.<\/p>\n<p>&nbsp;<\/p>\n<h3>SASTOJCI:<\/h3>\n<p>Organski certificirani ekstrakt konoplje (Cannabis Sativa L.)<\/p>\n<p>MCT ulje i kokosovo ulje<\/p>\n<p>vitamin D3 (125 IU \/ sprej)<\/p>","protected":false},"excerpt":{"rendered":"<p>Boost the resistance of your overall health. Vitamin D3 (25,000 IU) and CBD (15%) work together perfectly to help your body maintain a healthy and responsive immune system. It&#8217;s been known for a long time that vitamin D3 helps the body&#8217;s innate immune system to go into overdrive, leading to the production of substances that [&hellip;]<\/p>","protected":false},"featured_media":1624,"template":"","meta":{"inline_featured_image":false},"product_cat":[30],"product_tag":[42],"class_list":["post-1622","product","type-product","status-publish","has-post-thumbnail","hentry","product_cat-cbd-hemp-drops","product_tag-nq"],"yoast_head":"<!-- This site is optimized with the Yoast SEO plugin v20.7 - https:\/\/yoast.com\/wordpress\/plugins\/seo\/ -->\n<title>15% CBD Spray - Immunity, NQ | CBDshop.club<\/title>\n<meta name=\"robots\" content=\"index, follow, max-snippet:-1, max-image-preview:large, max-video-preview:-1\" \/>\n<link rel=\"canonical\" href=\"https:\/\/cbdshop.club\/hr\/shop\/cbd-kapi\/15-cbd-sprej-immunity-nq\/\" \/>\n<meta property=\"og:locale\" content=\"hr_HR\" \/>\n<meta property=\"og:type\" content=\"article\" \/>\n<meta property=\"og:title\" content=\"15% CBD Spray - Immunity, NQ | CBDshop.club\" \/>\n<meta property=\"og:description\" content=\"Boost the resistance of your overall health. Vitamin D3 (25,000 IU) and CBD (15%) work together perfectly to help your body maintain a healthy and responsive immune system. It&#8217;s been known for a long time that vitamin D3 helps the body&#8217;s innate immune system to go into overdrive, leading to the production of substances that [&hellip;]\" \/>\n<meta property=\"og:url\" content=\"https:\/\/cbdshop.club\/hr\/shop\/cbd-kapi\/15-cbd-sprej-immunity-nq\/\" \/>\n<meta property=\"og:site_name\" content=\"CBDshop.club\" \/>\n<meta property=\"article:modified_time\" content=\"2023-05-18T10:58:58+00:00\" \/>\n<meta property=\"og:image\" content=\"https:\/\/cbdshop.club\/wp-content\/uploads\/2023\/03\/6-min.png\" \/>\n\t<meta property=\"og:image:width\" content=\"1500\" \/>\n\t<meta property=\"og:image:height\" content=\"998\" \/>\n\t<meta property=\"og:image:type\" content=\"image\/png\" \/>\n<meta name=\"twitter:card\" content=\"summary_large_image\" \/>\n<meta name=\"twitter:label1\" content=\"Procijenjeno vrijeme \u010ditanja\" \/>\n\t<meta name=\"twitter:data1\" content=\"1 minuta\" \/>\n<script type=\"application\/ld+json\" class=\"yoast-schema-graph\">{\"@context\":\"https:\/\/schema.org\",\"@graph\":[{\"@type\":\"WebPage\",\"@id\":\"https:\/\/cbdshop.club\/shop\/cbd-hemp-drops\/15-cbd-spray-immunity-nq\/\",\"url\":\"https:\/\/cbdshop.club\/shop\/cbd-hemp-drops\/15-cbd-spray-immunity-nq\/\",\"name\":\"15% CBD Spray - Immunity, NQ | CBDshop.club\",\"isPartOf\":{\"@id\":\"https:\/\/cbdshop.club\/#website\"},\"datePublished\":\"2023-03-30T11:11:50+00:00\",\"dateModified\":\"2023-05-18T10:58:58+00:00\",\"breadcrumb\":{\"@id\":\"https:\/\/cbdshop.club\/shop\/cbd-hemp-drops\/15-cbd-spray-immunity-nq\/#breadcrumb\"},\"inLanguage\":\"hr\",\"potentialAction\":[{\"@type\":\"ReadAction\",\"target\":[\"https:\/\/cbdshop.club\/shop\/cbd-hemp-drops\/15-cbd-spray-immunity-nq\/\"]}]},{\"@type\":\"BreadcrumbList\",\"@id\":\"https:\/\/cbdshop.club\/shop\/cbd-hemp-drops\/15-cbd-spray-immunity-nq\/#breadcrumb\",\"itemListElement\":[{\"@type\":\"ListItem\",\"position\":1,\"name\":\"Shop\",\"item\":\"https:\/\/cbdshop.club\/shop\/\"},{\"@type\":\"ListItem\",\"position\":2,\"name\":\"15% CBD Spray &#8211; Immunity, NQ\"}]},{\"@type\":\"WebSite\",\"@id\":\"https:\/\/cbdshop.club\/#website\",\"url\":\"https:\/\/cbdshop.club\/\",\"name\":\"CBDshop.club\",\"description\":\"CBD Online Shop\",\"publisher\":{\"@id\":\"https:\/\/cbdshop.club\/#organization\"},\"potentialAction\":[{\"@type\":\"SearchAction\",\"target\":{\"@type\":\"EntryPoint\",\"urlTemplate\":\"https:\/\/cbdshop.club\/?s={search_term_string}\"},\"query-input\":\"required name=search_term_string\"}],\"inLanguage\":\"hr\"},{\"@type\":\"Organization\",\"@id\":\"https:\/\/cbdshop.club\/#organization\",\"name\":\"CBDshop.club\",\"url\":\"https:\/\/cbdshop.club\/\",\"logo\":{\"@type\":\"ImageObject\",\"inLanguage\":\"hr\",\"@id\":\"https:\/\/cbdshop.club\/#\/schema\/logo\/image\/\",\"url\":\"https:\/\/cbdshop.club\/wp-content\/uploads\/2023\/01\/cbdshop.club-logo.svg\",\"contentUrl\":\"https:\/\/cbdshop.club\/wp-content\/uploads\/2023\/01\/cbdshop.club-logo.svg\",\"width\":12,\"height\":4,\"caption\":\"CBDshop.club\"},\"image\":{\"@id\":\"https:\/\/cbdshop.club\/#\/schema\/logo\/image\/\"}}]}<\/script>\n<!-- \/ Yoast SEO plugin. -->","yoast_head_json":{"title":"15% CBD Spray - Immunity, NQ | CBDshop.club","robots":{"index":"index","follow":"follow","max-snippet":"max-snippet:-1","max-image-preview":"max-image-preview:large","max-video-preview":"max-video-preview:-1"},"canonical":"https:\/\/cbdshop.club\/hr\/shop\/cbd-kapi\/15-cbd-sprej-immunity-nq\/","og_locale":"hr_HR","og_type":"article","og_title":"15% CBD Spray - Immunity, NQ | CBDshop.club","og_description":"Boost the resistance of your overall health. Vitamin D3 (25,000 IU) and CBD (15%) work together perfectly to help your body maintain a healthy and responsive immune system. It&#8217;s been known for a long time that vitamin D3 helps the body&#8217;s innate immune system to go into overdrive, leading to the production of substances that [&hellip;]","og_url":"https:\/\/cbdshop.club\/hr\/shop\/cbd-kapi\/15-cbd-sprej-immunity-nq\/","og_site_name":"CBDshop.club","article_modified_time":"2023-05-18T10:58:58+00:00","og_image":[{"width":1500,"height":998,"url":"https:\/\/cbdshop.club\/wp-content\/uploads\/2023\/03\/6-min.png","type":"image\/png"}],"twitter_card":"summary_large_image","twitter_misc":{"Procijenjeno vrijeme \u010ditanja":"1 minuta"},"schema":{"@context":"https:\/\/schema.org","@graph":[{"@type":"WebPage","@id":"https:\/\/cbdshop.club\/shop\/cbd-hemp-drops\/15-cbd-spray-immunity-nq\/","url":"https:\/\/cbdshop.club\/shop\/cbd-hemp-drops\/15-cbd-spray-immunity-nq\/","name":"15% CBD Spray - Immunity, NQ | CBDshop.club","isPartOf":{"@id":"https:\/\/cbdshop.club\/#website"},"datePublished":"2023-03-30T11:11:50+00:00","dateModified":"2023-05-18T10:58:58+00:00","breadcrumb":{"@id":"https:\/\/cbdshop.club\/shop\/cbd-hemp-drops\/15-cbd-spray-immunity-nq\/#breadcrumb"},"inLanguage":"hr","potentialAction":[{"@type":"ReadAction","target":["https:\/\/cbdshop.club\/shop\/cbd-hemp-drops\/15-cbd-spray-immunity-nq\/"]}]},{"@type":"BreadcrumbList","@id":"https:\/\/cbdshop.club\/shop\/cbd-hemp-drops\/15-cbd-spray-immunity-nq\/#breadcrumb","itemListElement":[{"@type":"ListItem","position":1,"name":"Shop","item":"https:\/\/cbdshop.club\/shop\/"},{"@type":"ListItem","position":2,"name":"15% CBD Spray &#8211; Immunity, NQ"}]},{"@type":"WebSite","@id":"https:\/\/cbdshop.club\/#website","url":"https:\/\/cbdshop.club\/","name":"CBDshop.club","description":"CBD Online Shop","publisher":{"@id":"https:\/\/cbdshop.club\/#organization"},"potentialAction":[{"@type":"SearchAction","target":{"@type":"EntryPoint","urlTemplate":"https:\/\/cbdshop.club\/?s={search_term_string}"},"query-input":"required name=search_term_string"}],"inLanguage":"hr"},{"@type":"Organization","@id":"https:\/\/cbdshop.club\/#organization","name":"CBDshop.club","url":"https:\/\/cbdshop.club\/","logo":{"@type":"ImageObject","inLanguage":"hr","@id":"https:\/\/cbdshop.club\/#\/schema\/logo\/image\/","url":"https:\/\/cbdshop.club\/wp-content\/uploads\/2023\/01\/cbdshop.club-logo.svg","contentUrl":"https:\/\/cbdshop.club\/wp-content\/uploads\/2023\/01\/cbdshop.club-logo.svg","width":12,"height":4,"caption":"CBDshop.club"},"image":{"@id":"https:\/\/cbdshop.club\/#\/schema\/logo\/image\/"}}]}},"_links":{"self":[{"href":"https:\/\/cbdshop.club\/hr\/wp-json\/wp\/v2\/product\/1622","targetHints":{"allow":["GET"]}}],"collection":[{"href":"https:\/\/cbdshop.club\/hr\/wp-json\/wp\/v2\/product"}],"about":[{"href":"https:\/\/cbdshop.club\/hr\/wp-json\/wp\/v2\/types\/product"}],"wp:featuredmedia":[{"embeddable":true,"href":"https:\/\/cbdshop.club\/hr\/wp-json\/wp\/v2\/media\/1624"}],"wp:attachment":[{"href":"https:\/\/cbdshop.club\/hr\/wp-json\/wp\/v2\/media?parent=1622"}],"wp:term":[{"taxonomy":"product_cat","embeddable":true,"href":"https:\/\/cbdshop.club\/hr\/wp-json\/wp\/v2\/product_cat?post=1622"},{"taxonomy":"product_tag","embeddable":true,"href":"https:\/\/cbdshop.club\/hr\/wp-json\/wp\/v2\/product_tag?post=1622"}],"curies":[{"name":"wp","href":"https:\/\/api.w.org\/{rel}","templated":true}]}}