{"id":1618,"date":"2023-03-30T11:08:23","date_gmt":"2023-03-30T11:08:23","guid":{"rendered":"https:\/\/cbdshop.club\/?post_type=product&#038;p=1618"},"modified":"2023-05-18T10:59:51","modified_gmt":"2023-05-18T10:59:51","slug":"15-cbd-spray-energy-nq","status":"publish","type":"product","link":"https:\/\/cbdshop.club\/hr\/shop\/cbd-kapi\/15-cbd-sprej-energy-nq\/","title":{"rendered":"15% CBD Sprej \u2013 Energy, NQ"},"content":{"rendered":"<p>Koristite CBD sprej za uspje\u0161an po\u010detak dana, za manje umora popodne ili za duge i kreativne ve\u010deri. Zahvaljuju\u0107i kombinaciji 15% CBD-a i vitamina E i D, sada se mo\u017eete uspje\u0161no boriti protiv umora i odr\u017eavati konstantan protok energije.<\/p>\n<p>CBD poma\u017ee pove\u0107ati koli\u010dinu kisika u va\u0161oj krvi, zbog \u010dega se osje\u0107ate energi\u010dnije i manje umorno. Vitamin E je sna\u017ean antioksidans koji, sprje\u010davaju\u0107i oksidativna o\u0161te\u0107enja, osigurava nesmetan rad mi\u0161i\u0107a i sprje\u010dava bol.<\/p>\n<p>Dolazi u prakti\u010dnoj bo\u010dici s raspr\u0161iva\u010dem, tako da vam nakon toga ne\u0107e trebati \u017elica niti brinuti o \u010di\u0161\u0107enju. Lako je izmjeriti preporu\u010denu koli\u010dinu i rasporediti dozu tijekom dana, jer svaka doza sadr\u017ei 7,5 mg CBD-a.<\/p>\n<p>Na\u0161i su proizvodi razvijeni i formulirani u skladu sa strogim protokolima, a tako\u0111er blisko sura\u0111ujemo s drugim tvrtkama kako bismo osigurali da na\u0161i proizvodi zadovoljavaju HACCP i GMP propise. Na\u0161i proizvodi tako\u0111er ne sadr\u017ee umjetne sastojke, gluten, \u0161e\u0107er ili alkohol.<\/p>\n<p>&nbsp;<\/p>\n<h3>SASTOJCI:<\/h3>\n<p>Organski certificirani ekstrakt konoplje (Cannabis Sativa L.)<\/p>\n<p>Suncokretovo ulje<\/p>\n<p>Vitamin E (0,25 mg\/sprej)<\/p>\n<p>Vitamin D (100 IU \/ sprej)<\/p>","protected":false},"excerpt":{"rendered":"<p>Use this CBD spray to jump start your day, stay alert through the afternoon, or stay up later at night. You&#8217;ll be able to fight off fatigue and maintain a steady supply of energy thanks to the 15% CBD and vitamin E and D combination. CBD helps increase oxygen in the blood, which makes you [&hellip;]<\/p>","protected":false},"featured_media":1620,"template":"","meta":{"inline_featured_image":false},"product_cat":[30],"product_tag":[42],"class_list":["post-1618","product","type-product","status-publish","has-post-thumbnail","hentry","product_cat-cbd-hemp-drops","product_tag-nq"],"yoast_head":"<!-- This site is optimized with the Yoast SEO plugin v20.7 - https:\/\/yoast.com\/wordpress\/plugins\/seo\/ -->\n<title>15% CBD Spray - Energy, NQ | CBDshop.club<\/title>\n<meta name=\"robots\" content=\"index, follow, max-snippet:-1, max-image-preview:large, max-video-preview:-1\" \/>\n<link rel=\"canonical\" href=\"https:\/\/cbdshop.club\/hr\/shop\/cbd-kapi\/15-cbd-sprej-energy-nq\/\" \/>\n<meta property=\"og:locale\" content=\"hr_HR\" \/>\n<meta property=\"og:type\" content=\"article\" \/>\n<meta property=\"og:title\" content=\"15% CBD Spray - Energy, NQ | CBDshop.club\" \/>\n<meta property=\"og:description\" content=\"Use this CBD spray to jump start your day, stay alert through the afternoon, or stay up later at night. You&#8217;ll be able to fight off fatigue and maintain a steady supply of energy thanks to the 15% CBD and vitamin E and D combination. CBD helps increase oxygen in the blood, which makes you [&hellip;]\" \/>\n<meta property=\"og:url\" content=\"https:\/\/cbdshop.club\/hr\/shop\/cbd-kapi\/15-cbd-sprej-energy-nq\/\" \/>\n<meta property=\"og:site_name\" content=\"CBDshop.club\" \/>\n<meta property=\"article:modified_time\" content=\"2023-05-18T10:59:51+00:00\" \/>\n<meta property=\"og:image\" content=\"https:\/\/cbdshop.club\/wp-content\/uploads\/2023\/03\/2-min.png\" \/>\n\t<meta property=\"og:image:width\" content=\"1500\" \/>\n\t<meta property=\"og:image:height\" content=\"998\" \/>\n\t<meta property=\"og:image:type\" content=\"image\/png\" \/>\n<meta name=\"twitter:card\" content=\"summary_large_image\" \/>\n<meta name=\"twitter:label1\" content=\"Procijenjeno vrijeme \u010ditanja\" \/>\n\t<meta name=\"twitter:data1\" content=\"1 minuta\" \/>\n<script type=\"application\/ld+json\" class=\"yoast-schema-graph\">{\"@context\":\"https:\/\/schema.org\",\"@graph\":[{\"@type\":\"WebPage\",\"@id\":\"https:\/\/cbdshop.club\/shop\/cbd-hemp-drops\/15-cbd-spray-energy-nq\/\",\"url\":\"https:\/\/cbdshop.club\/shop\/cbd-hemp-drops\/15-cbd-spray-energy-nq\/\",\"name\":\"15% CBD Spray - Energy, NQ | CBDshop.club\",\"isPartOf\":{\"@id\":\"https:\/\/cbdshop.club\/#website\"},\"datePublished\":\"2023-03-30T11:08:23+00:00\",\"dateModified\":\"2023-05-18T10:59:51+00:00\",\"breadcrumb\":{\"@id\":\"https:\/\/cbdshop.club\/shop\/cbd-hemp-drops\/15-cbd-spray-energy-nq\/#breadcrumb\"},\"inLanguage\":\"hr\",\"potentialAction\":[{\"@type\":\"ReadAction\",\"target\":[\"https:\/\/cbdshop.club\/shop\/cbd-hemp-drops\/15-cbd-spray-energy-nq\/\"]}]},{\"@type\":\"BreadcrumbList\",\"@id\":\"https:\/\/cbdshop.club\/shop\/cbd-hemp-drops\/15-cbd-spray-energy-nq\/#breadcrumb\",\"itemListElement\":[{\"@type\":\"ListItem\",\"position\":1,\"name\":\"Shop\",\"item\":\"https:\/\/cbdshop.club\/shop\/\"},{\"@type\":\"ListItem\",\"position\":2,\"name\":\"15% CBD Spray &#8211; Energy, NQ\"}]},{\"@type\":\"WebSite\",\"@id\":\"https:\/\/cbdshop.club\/#website\",\"url\":\"https:\/\/cbdshop.club\/\",\"name\":\"CBDshop.club\",\"description\":\"CBD Online Shop\",\"publisher\":{\"@id\":\"https:\/\/cbdshop.club\/#organization\"},\"potentialAction\":[{\"@type\":\"SearchAction\",\"target\":{\"@type\":\"EntryPoint\",\"urlTemplate\":\"https:\/\/cbdshop.club\/?s={search_term_string}\"},\"query-input\":\"required name=search_term_string\"}],\"inLanguage\":\"hr\"},{\"@type\":\"Organization\",\"@id\":\"https:\/\/cbdshop.club\/#organization\",\"name\":\"CBDshop.club\",\"url\":\"https:\/\/cbdshop.club\/\",\"logo\":{\"@type\":\"ImageObject\",\"inLanguage\":\"hr\",\"@id\":\"https:\/\/cbdshop.club\/#\/schema\/logo\/image\/\",\"url\":\"https:\/\/cbdshop.club\/wp-content\/uploads\/2023\/01\/cbdshop.club-logo.svg\",\"contentUrl\":\"https:\/\/cbdshop.club\/wp-content\/uploads\/2023\/01\/cbdshop.club-logo.svg\",\"width\":12,\"height\":4,\"caption\":\"CBDshop.club\"},\"image\":{\"@id\":\"https:\/\/cbdshop.club\/#\/schema\/logo\/image\/\"}}]}<\/script>\n<!-- \/ Yoast SEO plugin. -->","yoast_head_json":{"title":"15% CBD Spray - Energy, NQ | CBDshop.club","robots":{"index":"index","follow":"follow","max-snippet":"max-snippet:-1","max-image-preview":"max-image-preview:large","max-video-preview":"max-video-preview:-1"},"canonical":"https:\/\/cbdshop.club\/hr\/shop\/cbd-kapi\/15-cbd-sprej-energy-nq\/","og_locale":"hr_HR","og_type":"article","og_title":"15% CBD Spray - Energy, NQ | CBDshop.club","og_description":"Use this CBD spray to jump start your day, stay alert through the afternoon, or stay up later at night. You&#8217;ll be able to fight off fatigue and maintain a steady supply of energy thanks to the 15% CBD and vitamin E and D combination. CBD helps increase oxygen in the blood, which makes you [&hellip;]","og_url":"https:\/\/cbdshop.club\/hr\/shop\/cbd-kapi\/15-cbd-sprej-energy-nq\/","og_site_name":"CBDshop.club","article_modified_time":"2023-05-18T10:59:51+00:00","og_image":[{"width":1500,"height":998,"url":"https:\/\/cbdshop.club\/wp-content\/uploads\/2023\/03\/2-min.png","type":"image\/png"}],"twitter_card":"summary_large_image","twitter_misc":{"Procijenjeno vrijeme \u010ditanja":"1 minuta"},"schema":{"@context":"https:\/\/schema.org","@graph":[{"@type":"WebPage","@id":"https:\/\/cbdshop.club\/shop\/cbd-hemp-drops\/15-cbd-spray-energy-nq\/","url":"https:\/\/cbdshop.club\/shop\/cbd-hemp-drops\/15-cbd-spray-energy-nq\/","name":"15% CBD Spray - Energy, NQ | CBDshop.club","isPartOf":{"@id":"https:\/\/cbdshop.club\/#website"},"datePublished":"2023-03-30T11:08:23+00:00","dateModified":"2023-05-18T10:59:51+00:00","breadcrumb":{"@id":"https:\/\/cbdshop.club\/shop\/cbd-hemp-drops\/15-cbd-spray-energy-nq\/#breadcrumb"},"inLanguage":"hr","potentialAction":[{"@type":"ReadAction","target":["https:\/\/cbdshop.club\/shop\/cbd-hemp-drops\/15-cbd-spray-energy-nq\/"]}]},{"@type":"BreadcrumbList","@id":"https:\/\/cbdshop.club\/shop\/cbd-hemp-drops\/15-cbd-spray-energy-nq\/#breadcrumb","itemListElement":[{"@type":"ListItem","position":1,"name":"Shop","item":"https:\/\/cbdshop.club\/shop\/"},{"@type":"ListItem","position":2,"name":"15% CBD Spray &#8211; Energy, NQ"}]},{"@type":"WebSite","@id":"https:\/\/cbdshop.club\/#website","url":"https:\/\/cbdshop.club\/","name":"CBDshop.club","description":"CBD Online Shop","publisher":{"@id":"https:\/\/cbdshop.club\/#organization"},"potentialAction":[{"@type":"SearchAction","target":{"@type":"EntryPoint","urlTemplate":"https:\/\/cbdshop.club\/?s={search_term_string}"},"query-input":"required name=search_term_string"}],"inLanguage":"hr"},{"@type":"Organization","@id":"https:\/\/cbdshop.club\/#organization","name":"CBDshop.club","url":"https:\/\/cbdshop.club\/","logo":{"@type":"ImageObject","inLanguage":"hr","@id":"https:\/\/cbdshop.club\/#\/schema\/logo\/image\/","url":"https:\/\/cbdshop.club\/wp-content\/uploads\/2023\/01\/cbdshop.club-logo.svg","contentUrl":"https:\/\/cbdshop.club\/wp-content\/uploads\/2023\/01\/cbdshop.club-logo.svg","width":12,"height":4,"caption":"CBDshop.club"},"image":{"@id":"https:\/\/cbdshop.club\/#\/schema\/logo\/image\/"}}]}},"_links":{"self":[{"href":"https:\/\/cbdshop.club\/hr\/wp-json\/wp\/v2\/product\/1618","targetHints":{"allow":["GET"]}}],"collection":[{"href":"https:\/\/cbdshop.club\/hr\/wp-json\/wp\/v2\/product"}],"about":[{"href":"https:\/\/cbdshop.club\/hr\/wp-json\/wp\/v2\/types\/product"}],"wp:featuredmedia":[{"embeddable":true,"href":"https:\/\/cbdshop.club\/hr\/wp-json\/wp\/v2\/media\/1620"}],"wp:attachment":[{"href":"https:\/\/cbdshop.club\/hr\/wp-json\/wp\/v2\/media?parent=1618"}],"wp:term":[{"taxonomy":"product_cat","embeddable":true,"href":"https:\/\/cbdshop.club\/hr\/wp-json\/wp\/v2\/product_cat?post=1618"},{"taxonomy":"product_tag","embeddable":true,"href":"https:\/\/cbdshop.club\/hr\/wp-json\/wp\/v2\/product_tag?post=1618"}],"curies":[{"name":"wp","href":"https:\/\/api.w.org\/{rel}","templated":true}]}}