{"id":1615,"date":"2023-03-30T11:02:37","date_gmt":"2023-03-30T11:02:37","guid":{"rendered":"https:\/\/cbdshop.club\/?post_type=product&#038;p=1615"},"modified":"2023-03-30T11:49:17","modified_gmt":"2023-03-30T11:49:17","slug":"15-cbd-spray-focus-nq","status":"publish","type":"product","link":"https:\/\/cbdshop.club\/hr\/shop\/cbd-kapi\/15-cbd-sprej-focus-nq\/","title":{"rendered":"15% CBD Sprej \u2013 Focus, NQ"},"content":{"rendered":"<p>Vitamin D je savr\u0161ena nadopuna na\u0161im 15% CBD kapima za pobolj\u0161anje pam\u0107enja, izdr\u017eljivosti i koncentracije. Bolja koncentracija mo\u017ee vam dati dodatnu prednost koja vam je potrebna da budete produktivniji na poslu, u\u010denju i vi\u0161e usredoto\u010deni na svoje zadatke. Na\u0161i CBD proizvodi tako\u0111er su pro\u017eeti kokosovim uljem za koje je dokazano da pove\u0107ava koncentraciju, pam\u0107enje, energiju i sposobnost u\u010denja.<\/p>\n<p>Dolazi u prakti\u010dnoj bo\u010dici s raspr\u0161iva\u010dem, tako da vam nakon toga ne\u0107e trebati \u017elica niti brinuti o \u010di\u0161\u0107enju. Sprej sa 7,5 mg CBD-a u jednom unosu olak\u0161ava doziranje preporu\u010dene koli\u010dine i raspored doza tijekom dana.<\/p>\n<p>Slijedimo stroge protokole u razvoju i dizajnu proizvoda te sura\u0111ujemo s drugim proizvo\u0111a\u010dima kako bismo osigurali da su na\u0161i vlastiti razvojni i proizvodni procesi u skladu s regulatornim standardima HACCP i GMP. Svi na\u0161i proizvodi tako\u0111er ne sadr\u017ee umjetne sastojke, gluten, \u0161e\u0107er i alkohol.<\/p>\n<p>&nbsp;<\/p>\n<h3>SASTOJCI:<\/h3>\n<p>Organski certificirani ekstrakt konoplje (Cannabis Sativa L.)<\/p>\n<p>MCT (trigliceridi srednjeg lanca) i kokosovo ulje<\/p>\n<p>vitamin D (100 IU \/ sprej)<\/p>\n<p>ginseng (0,1 mg\/sprej)<\/p>","protected":false},"excerpt":{"rendered":"<p>Vitamin D works great in tandem with our 15% CBD drops spray that helps to improve your memory, endurance, and concentration. Increased concentration can give you that extra edge that you need to ace that presentation, pass that exam, or win that game night. Coconut oil, which has been proven to increase focus, memory, energy [&hellip;]<\/p>","protected":false},"featured_media":1617,"template":"","meta":{"inline_featured_image":false},"product_cat":[30],"product_tag":[42],"class_list":["post-1615","product","type-product","status-publish","has-post-thumbnail","hentry","product_cat-cbd-hemp-drops","product_tag-nq"],"yoast_head":"<!-- This site is optimized with the Yoast SEO plugin v20.7 - https:\/\/yoast.com\/wordpress\/plugins\/seo\/ -->\n<title>15% CBD Spray - Focus, NQ | CBDshop.club<\/title>\n<meta name=\"robots\" content=\"index, follow, max-snippet:-1, max-image-preview:large, max-video-preview:-1\" \/>\n<link rel=\"canonical\" href=\"https:\/\/cbdshop.club\/hr\/shop\/cbd-kapi\/15-cbd-sprej-focus-nq\/\" \/>\n<meta property=\"og:locale\" content=\"hr_HR\" \/>\n<meta property=\"og:type\" content=\"article\" \/>\n<meta property=\"og:title\" content=\"15% CBD Spray - Focus, NQ | CBDshop.club\" \/>\n<meta property=\"og:description\" content=\"Vitamin D works great in tandem with our 15% CBD drops spray that helps to improve your memory, endurance, and concentration. Increased concentration can give you that extra edge that you need to ace that presentation, pass that exam, or win that game night. Coconut oil, which has been proven to increase focus, memory, energy [&hellip;]\" \/>\n<meta property=\"og:url\" content=\"https:\/\/cbdshop.club\/hr\/shop\/cbd-kapi\/15-cbd-sprej-focus-nq\/\" \/>\n<meta property=\"og:site_name\" content=\"CBDshop.club\" \/>\n<meta property=\"article:modified_time\" content=\"2023-03-30T11:49:17+00:00\" \/>\n<meta property=\"og:image\" content=\"https:\/\/cbdshop.club\/wp-content\/uploads\/2023\/03\/4-min.png\" \/>\n\t<meta property=\"og:image:width\" content=\"1500\" \/>\n\t<meta property=\"og:image:height\" content=\"998\" \/>\n\t<meta property=\"og:image:type\" content=\"image\/png\" \/>\n<meta name=\"twitter:card\" content=\"summary_large_image\" \/>\n<meta name=\"twitter:label1\" content=\"Procijenjeno vrijeme \u010ditanja\" \/>\n\t<meta name=\"twitter:data1\" content=\"1 minuta\" \/>\n<script type=\"application\/ld+json\" class=\"yoast-schema-graph\">{\"@context\":\"https:\/\/schema.org\",\"@graph\":[{\"@type\":\"WebPage\",\"@id\":\"https:\/\/cbdshop.club\/shop\/cbd-hemp-drops\/15-cbd-spray-focus-nq\/\",\"url\":\"https:\/\/cbdshop.club\/shop\/cbd-hemp-drops\/15-cbd-spray-focus-nq\/\",\"name\":\"15% CBD Spray - Focus, NQ | CBDshop.club\",\"isPartOf\":{\"@id\":\"https:\/\/cbdshop.club\/#website\"},\"datePublished\":\"2023-03-30T11:02:37+00:00\",\"dateModified\":\"2023-03-30T11:49:17+00:00\",\"breadcrumb\":{\"@id\":\"https:\/\/cbdshop.club\/shop\/cbd-hemp-drops\/15-cbd-spray-focus-nq\/#breadcrumb\"},\"inLanguage\":\"hr\",\"potentialAction\":[{\"@type\":\"ReadAction\",\"target\":[\"https:\/\/cbdshop.club\/shop\/cbd-hemp-drops\/15-cbd-spray-focus-nq\/\"]}]},{\"@type\":\"BreadcrumbList\",\"@id\":\"https:\/\/cbdshop.club\/shop\/cbd-hemp-drops\/15-cbd-spray-focus-nq\/#breadcrumb\",\"itemListElement\":[{\"@type\":\"ListItem\",\"position\":1,\"name\":\"Shop\",\"item\":\"https:\/\/cbdshop.club\/shop\/\"},{\"@type\":\"ListItem\",\"position\":2,\"name\":\"15% CBD Spray &#8211; Focus, NQ\"}]},{\"@type\":\"WebSite\",\"@id\":\"https:\/\/cbdshop.club\/#website\",\"url\":\"https:\/\/cbdshop.club\/\",\"name\":\"CBDshop.club\",\"description\":\"CBD Online Shop\",\"publisher\":{\"@id\":\"https:\/\/cbdshop.club\/#organization\"},\"potentialAction\":[{\"@type\":\"SearchAction\",\"target\":{\"@type\":\"EntryPoint\",\"urlTemplate\":\"https:\/\/cbdshop.club\/?s={search_term_string}\"},\"query-input\":\"required name=search_term_string\"}],\"inLanguage\":\"hr\"},{\"@type\":\"Organization\",\"@id\":\"https:\/\/cbdshop.club\/#organization\",\"name\":\"CBDshop.club\",\"url\":\"https:\/\/cbdshop.club\/\",\"logo\":{\"@type\":\"ImageObject\",\"inLanguage\":\"hr\",\"@id\":\"https:\/\/cbdshop.club\/#\/schema\/logo\/image\/\",\"url\":\"https:\/\/cbdshop.club\/wp-content\/uploads\/2023\/01\/cbdshop.club-logo.svg\",\"contentUrl\":\"https:\/\/cbdshop.club\/wp-content\/uploads\/2023\/01\/cbdshop.club-logo.svg\",\"width\":12,\"height\":4,\"caption\":\"CBDshop.club\"},\"image\":{\"@id\":\"https:\/\/cbdshop.club\/#\/schema\/logo\/image\/\"}}]}<\/script>\n<!-- \/ Yoast SEO plugin. -->","yoast_head_json":{"title":"15% CBD Spray - Focus, NQ | CBDshop.club","robots":{"index":"index","follow":"follow","max-snippet":"max-snippet:-1","max-image-preview":"max-image-preview:large","max-video-preview":"max-video-preview:-1"},"canonical":"https:\/\/cbdshop.club\/hr\/shop\/cbd-kapi\/15-cbd-sprej-focus-nq\/","og_locale":"hr_HR","og_type":"article","og_title":"15% CBD Spray - Focus, NQ | CBDshop.club","og_description":"Vitamin D works great in tandem with our 15% CBD drops spray that helps to improve your memory, endurance, and concentration. Increased concentration can give you that extra edge that you need to ace that presentation, pass that exam, or win that game night. Coconut oil, which has been proven to increase focus, memory, energy [&hellip;]","og_url":"https:\/\/cbdshop.club\/hr\/shop\/cbd-kapi\/15-cbd-sprej-focus-nq\/","og_site_name":"CBDshop.club","article_modified_time":"2023-03-30T11:49:17+00:00","og_image":[{"width":1500,"height":998,"url":"https:\/\/cbdshop.club\/wp-content\/uploads\/2023\/03\/4-min.png","type":"image\/png"}],"twitter_card":"summary_large_image","twitter_misc":{"Procijenjeno vrijeme \u010ditanja":"1 minuta"},"schema":{"@context":"https:\/\/schema.org","@graph":[{"@type":"WebPage","@id":"https:\/\/cbdshop.club\/shop\/cbd-hemp-drops\/15-cbd-spray-focus-nq\/","url":"https:\/\/cbdshop.club\/shop\/cbd-hemp-drops\/15-cbd-spray-focus-nq\/","name":"15% CBD Spray - Focus, NQ | CBDshop.club","isPartOf":{"@id":"https:\/\/cbdshop.club\/#website"},"datePublished":"2023-03-30T11:02:37+00:00","dateModified":"2023-03-30T11:49:17+00:00","breadcrumb":{"@id":"https:\/\/cbdshop.club\/shop\/cbd-hemp-drops\/15-cbd-spray-focus-nq\/#breadcrumb"},"inLanguage":"hr","potentialAction":[{"@type":"ReadAction","target":["https:\/\/cbdshop.club\/shop\/cbd-hemp-drops\/15-cbd-spray-focus-nq\/"]}]},{"@type":"BreadcrumbList","@id":"https:\/\/cbdshop.club\/shop\/cbd-hemp-drops\/15-cbd-spray-focus-nq\/#breadcrumb","itemListElement":[{"@type":"ListItem","position":1,"name":"Shop","item":"https:\/\/cbdshop.club\/shop\/"},{"@type":"ListItem","position":2,"name":"15% CBD Spray &#8211; Focus, NQ"}]},{"@type":"WebSite","@id":"https:\/\/cbdshop.club\/#website","url":"https:\/\/cbdshop.club\/","name":"CBDshop.club","description":"CBD Online Shop","publisher":{"@id":"https:\/\/cbdshop.club\/#organization"},"potentialAction":[{"@type":"SearchAction","target":{"@type":"EntryPoint","urlTemplate":"https:\/\/cbdshop.club\/?s={search_term_string}"},"query-input":"required name=search_term_string"}],"inLanguage":"hr"},{"@type":"Organization","@id":"https:\/\/cbdshop.club\/#organization","name":"CBDshop.club","url":"https:\/\/cbdshop.club\/","logo":{"@type":"ImageObject","inLanguage":"hr","@id":"https:\/\/cbdshop.club\/#\/schema\/logo\/image\/","url":"https:\/\/cbdshop.club\/wp-content\/uploads\/2023\/01\/cbdshop.club-logo.svg","contentUrl":"https:\/\/cbdshop.club\/wp-content\/uploads\/2023\/01\/cbdshop.club-logo.svg","width":12,"height":4,"caption":"CBDshop.club"},"image":{"@id":"https:\/\/cbdshop.club\/#\/schema\/logo\/image\/"}}]}},"_links":{"self":[{"href":"https:\/\/cbdshop.club\/hr\/wp-json\/wp\/v2\/product\/1615","targetHints":{"allow":["GET"]}}],"collection":[{"href":"https:\/\/cbdshop.club\/hr\/wp-json\/wp\/v2\/product"}],"about":[{"href":"https:\/\/cbdshop.club\/hr\/wp-json\/wp\/v2\/types\/product"}],"wp:featuredmedia":[{"embeddable":true,"href":"https:\/\/cbdshop.club\/hr\/wp-json\/wp\/v2\/media\/1617"}],"wp:attachment":[{"href":"https:\/\/cbdshop.club\/hr\/wp-json\/wp\/v2\/media?parent=1615"}],"wp:term":[{"taxonomy":"product_cat","embeddable":true,"href":"https:\/\/cbdshop.club\/hr\/wp-json\/wp\/v2\/product_cat?post=1615"},{"taxonomy":"product_tag","embeddable":true,"href":"https:\/\/cbdshop.club\/hr\/wp-json\/wp\/v2\/product_tag?post=1615"}],"curies":[{"name":"wp","href":"https:\/\/api.w.org\/{rel}","templated":true}]}}