{"id":81,"date":"2023-01-23T13:44:29","date_gmt":"2023-01-23T13:44:29","guid":{"rendered":"https:\/\/cbdshop.club\/index.php\/help-info\/"},"modified":"2023-02-02T16:02:49","modified_gmt":"2023-02-02T16:02:49","slug":"cookies","status":"publish","type":"page","link":"https:\/\/cbdshop.club\/hr\/kolacici\/","title":{"rendered":"Kola\u010di\u0107i"},"content":{"rendered":"<div data-elementor-type=\"wp-page\" data-elementor-id=\"81\" class=\"elementor elementor-81\">\n\t\t\t\t\t\t\t\t\t<section class=\"elementor-section elementor-top-section elementor-element elementor-element-96b4410 elementor-section-boxed elementor-section-height-default elementor-section-height-default\" data-id=\"96b4410\" data-element_type=\"section\">\n\t\t\t\t\t\t<div class=\"elementor-container elementor-column-gap-default\">\n\t\t\t\t\t<div class=\"elementor-column elementor-col-100 elementor-top-column elementor-element elementor-element-ca66780\" data-id=\"ca66780\" data-element_type=\"column\">\n\t\t\t<div class=\"elementor-widget-wrap elementor-element-populated\">\n\t\t\t\t\t\t\t\t<div class=\"elementor-element elementor-element-27933e1 elementor-widget elementor-widget-woocommerce-breadcrumb\" data-id=\"27933e1\" data-element_type=\"widget\" data-widget_type=\"woocommerce-breadcrumb.default\">\n\t\t\t\t<div class=\"elementor-widget-container\">\n\t\t\t<link rel=\"stylesheet\" href=\"https:\/\/cbdshop.club\/wp-content\/plugins\/elementor-pro\/assets\/css\/widget-woocommerce.min.css\"><nav class=\"woocommerce-breadcrumb\" data-no-translation=\"\" data-trp-gettext=\"\">Po\u010detna<\/nav>\t\t<\/div>\n\t\t\t\t<\/div>\n\t\t\t\t\t<\/div>\n\t\t<\/div>\n\t\t\t\t\t\t\t<\/div>\n\t\t<\/section>\n\t\t\t\t<section class=\"elementor-section elementor-top-section elementor-element elementor-element-9a53028 elementor-section-boxed elementor-section-height-default elementor-section-height-default\" data-id=\"9a53028\" data-element_type=\"section\">\n\t\t\t\t\t\t<div class=\"elementor-container elementor-column-gap-default\">\n\t\t\t\t\t<div class=\"elementor-column elementor-col-100 elementor-top-column elementor-element elementor-element-4eb4ba7\" data-id=\"4eb4ba7\" data-element_type=\"column\">\n\t\t\t<div class=\"elementor-widget-wrap elementor-element-populated\">\n\t\t\t\t\t\t\t\t<div class=\"elementor-element elementor-element-74e3c40 elementor-widget elementor-widget-heading\" data-id=\"74e3c40\" data-element_type=\"widget\" data-widget_type=\"heading.default\">\n\t\t\t\t<div class=\"elementor-widget-container\">\n\t\t\t<style>\/*! elementor - v3.13.2 - 11-05-2023 *\/\n.elementor-heading-title{padding:0;margin:0;line-height:1}.elementor-widget-heading .elementor-heading-title[class*=elementor-size-]>a{color:inherit;font-size:inherit;line-height:inherit}.elementor-widget-heading .elementor-heading-title.elementor-size-small{font-size:15px}.elementor-widget-heading .elementor-heading-title.elementor-size-medium{font-size:19px}.elementor-widget-heading .elementor-heading-title.elementor-size-large{font-size:29px}.elementor-widget-heading .elementor-heading-title.elementor-size-xl{font-size:39px}.elementor-widget-heading .elementor-heading-title.elementor-size-xxl{font-size:59px}<\/style><h2 class=\"elementor-heading-title elementor-size-default\">Kola\u010di\u0107i<\/h2>\t\t<\/div>\n\t\t\t\t<\/div>\n\t\t\t\t<div class=\"elementor-element elementor-element-b416efc elementor-widget elementor-widget-text-editor\" data-id=\"b416efc\" data-element_type=\"widget\" data-widget_type=\"text-editor.default\">\n\t\t\t\t<div class=\"elementor-widget-container\">\n\t\t\t<style>\/*! elementor - v3.13.2 - 11-05-2023 *\/\n.elementor-widget-text-editor.elementor-drop-cap-view-stacked .elementor-drop-cap{background-color:#69727d;color:#fff}.elementor-widget-text-editor.elementor-drop-cap-view-framed .elementor-drop-cap{color:#69727d;border:3px solid;background-color:transparent}.elementor-widget-text-editor:not(.elementor-drop-cap-view-default) .elementor-drop-cap{margin-top:8px}.elementor-widget-text-editor:not(.elementor-drop-cap-view-default) .elementor-drop-cap-letter{width:1em;height:1em}.elementor-widget-text-editor .elementor-drop-cap{float:left;text-align:center;line-height:1;font-size:50px}.elementor-widget-text-editor .elementor-drop-cap-letter{display:inline-block}<\/style>\t\t\t\t<div class=\"page_title classic_title\">\n<h1><span style=\"font-size: 16px;\">01 October 2021<\/span><\/h1>\n<\/div>\n<div class=\"document\">\n\nKao kontrolor va\u0161ih osobnih podataka, Gigasus d.o.o., registriran u Sloveniji pod brojem tvrtke 8133174000 i s poslovnim adresom na Stegne 3, 1000 Ljubljana, Slovenija, EU, (\u00bbGigasus\u00ab) koristi kola\u010di\u0107e na svojoj web stranici.\n<h4>\u0160to su kola\u010di\u0107i?<\/h4>\nKola\u010di\u0107i su male tekstualne datoteke koje se preuzimaju na va\u0161e ra\u010dunalo kada posjetite web stranicu i obi\u010dno sadr\u017ee ime poslu\u017eitelja s kojeg je kola\u010di\u0107 poslan, vrijeme isteka kola\u010di\u0107a i njegovu vrijednost (jedinstveni broj generiran nasumi\u010dno). Sam kola\u010di\u0107 ne sadr\u017ei niti prikuplja informacije. Me\u0111utim, ako ga poslu\u017eitelj pro\u010dita zajedno s web preglednikom, kola\u010di\u0107 mo\u017ee pomo\u0107i web stranici da pru\u017ei korisni\u010dki prijateljske usluge, npr. da zapamti va\u0161e korisni\u010dko ime i lozinku za budu\u0107u registraciju. Kola\u010di\u0107i nisu \u0161tetni i uvijek su vremenski ograni\u010deni.\n<h4>Svrha kola\u010di\u0107a<\/h4>\nSvrha kola\u010di\u0107a je pobolj\u0161anje funkcioniranja web stranice i korisni\u010dkog iskustva pri pregledu web stranice. Kola\u010di\u0107i olak\u0161avaju interakciju izme\u0111u vas i web stranice. To \u0161tedi vrijeme i \u010dini pregled web stranice u\u010dinkovitijim.\n<h4>Kola\u010di\u0107i CBDshop.club<\/h4>\nNeki kola\u010di\u0107i koje koristimo su privremeni (poznati i kao kola\u010di\u0107i sesije), ali neki su spremljeni na va\u0161em ure\u0111aju odre\u0111eno vrijeme \u010dak i nakon \u0161to napustite na\u0161u web stranicu. Privremene kola\u010di\u0107e koristimo za mjerenje broja posjetitelja na\u0161e web stranice, \u0161to nam poma\u017ee provjeriti u\u010dinkovitost prikaza na\u0161eg sadr\u017eaja i omogu\u0107uje stalno pobolj\u0161anje web stranice. Stalni kola\u010di\u0107i omogu\u0107uju nam da spremimo va\u0161e kontakt podatke za kasnije posjete web stranici, tako da se vi\u0161e ne morate prijavljivati ili da se prikaz sadr\u017eaja web stranice prilagodi va\u0161em ure\u0111aju. Tako\u0111er koristimo spremljene kola\u010di\u0107e koji potje\u010du s drugih stranica poput Facebooka, Twittera, Googlea, itd. Osim ovih, koristimo kola\u010di\u0107e i za odre\u0111ivanje kako se kretete po na\u0161im web stranicama, koje sadr\u017eaje vas zanimaju i koliko dugo traju va\u0161i posjeti. Na temelju toga mo\u017eemo oblikovati sadr\u017eaj na\u0161ih web stranica i prilagoditi ga va\u0161im zahtjevima. Podaci prikupljeni putem kola\u010di\u0107a obra\u0111uju se isklju\u010divo u statisti\u010dke svrhe i za prikupljanje demografskih podataka i interesa posjetitelja (ali samo na na\u010din da se va\u0161 identitet ne mo\u017ee otkriti), za identificiranje problema s poslu\u017eiteljem i za ure\u0111ivanje web stranica. Popis svih kola\u010di\u0107a bit \u0107e prikazan u sko\u010dnom prozoru ako kliknete na gumb u nastavku:\n<br><br>\n<button class=\"cky-banner-element\">Pogledajte kola\u010di\u0107e<\/button>\n<br><br>\n<h4>Google Analytics<\/h4>\nTako\u0111er koristimo web uslugu Google Analytics od Google Inc. (\"Google\"). Google Analytics je usluga analize weba koja pru\u017ea informacije o va\u0161em pona\u0161anju na na\u0161oj web stranici, \u010dime nam poma\u017ee stvoriti bolje korisni\u010dko iskustvo. Podaci vezani uz va\u0161u upotrebu na\u0161e web stranice (npr. va\u0161a IP adresa, vrsta preglednika, postavke jezika, operativni sustav, itd.) koje prikuplja Google tvrtka bit \u0107e preneseni na Googleov poslu\u017eitelj u Sjedinjenim Ameri\u010dkim Dr\u017eavama, gdje \u0107e se ti podaci pohraniti i analizirati. Relevantni podaci u anonimiziranom obliku bit \u0107e nam potom poslani. Sukladno \"modelnim ugovornim klauzulama\" koje je odobrila Europska komisija, obvezuju\u0107i ih da \u0161tite va\u0161e osobne podatke, Google tvrtka osigurava adekvatne razine za\u0161tite podataka u pogledu obrade osobnih podataka od strane Googlea. Svoju suglasnost za kori\u0161tenje web analize mo\u017eete povu\u0107i u bilo kojem trenutku preuzimanjem dodatka za Googleov preglednik. Vi\u0161e informacija o usluzi Google Analytics dostupno je u uvjetima kori\u0161tenja usluge Google Analytics, u principima sigurnosti i privatnosti usluge Google i u pravilima o privatnosti Google tvrtke.\n<h4>Kontakt<\/h4>\nAko imate pitanja ili komentare u vezi s kola\u010di\u0107ima, na raspolaganju smo na info@cbdshop.club. <a href=\"mailto:info@cbdshop.si\">info@cbdshop.si<\/a>.\n\n<\/div>\t\t\t\t\t\t<\/div>\n\t\t\t\t<\/div>\n\t\t\t\t\t<\/div>\n\t\t<\/div>\n\t\t\t\t\t\t\t<\/div>\n\t\t<\/section>\n\t\t\t\t\t\t\t<\/div>","protected":false},"excerpt":{"rendered":"<p>Cookies 01 October 2021 As a controller of your personal data, Gigasus d.o.o., registered in Slovenia under company number 8133174000 and with a business address at Stegne 3, 1000 Ljubljana, Slovenija, EU, (\u00bbGigasus\u00ab) uses cookies on its website. What are cookies? Cookies are small text files that are downloaded to your computer when you visit [&hellip;]<\/p>","protected":false},"author":1,"featured_media":0,"parent":0,"menu_order":0,"comment_status":"closed","ping_status":"closed","template":"elementor_header_footer","meta":{"inline_featured_image":false,"footnotes":""},"class_list":["post-81","page","type-page","status-publish","hentry"],"yoast_head":"<!-- This site is optimized with the Yoast SEO plugin v20.7 - https:\/\/yoast.com\/wordpress\/plugins\/seo\/ -->\n<title>Cookies - CBDshop.club<\/title>\n<meta name=\"robots\" content=\"index, follow, max-snippet:-1, max-image-preview:large, max-video-preview:-1\" \/>\n<link rel=\"canonical\" href=\"https:\/\/cbdshop.club\/hr\/kolacici\/\" \/>\n<meta property=\"og:locale\" content=\"hr_HR\" \/>\n<meta property=\"og:type\" content=\"article\" \/>\n<meta property=\"og:title\" content=\"Cookies - CBDshop.club\" \/>\n<meta property=\"og:description\" content=\"Cookies 01 October 2021 As a controller of your personal data, Gigasus d.o.o., registered in Slovenia under company number 8133174000 and with a business address at Stegne 3, 1000 Ljubljana, Slovenija, EU, (\u00bbGigasus\u00ab) uses cookies on its website. What are cookies? Cookies are small text files that are downloaded to your computer when you visit [&hellip;]\" \/>\n<meta property=\"og:url\" content=\"https:\/\/cbdshop.club\/hr\/kolacici\/\" \/>\n<meta property=\"og:site_name\" content=\"CBDshop.club\" \/>\n<meta property=\"article:modified_time\" content=\"2023-02-02T16:02:49+00:00\" \/>\n<meta name=\"twitter:card\" content=\"summary_large_image\" \/>\n<meta name=\"twitter:label1\" content=\"Procijenjeno vrijeme \u010ditanja\" \/>\n\t<meta name=\"twitter:data1\" content=\"3 minute\" \/>\n<script type=\"application\/ld+json\" class=\"yoast-schema-graph\">{\"@context\":\"https:\/\/schema.org\",\"@graph\":[{\"@type\":\"WebPage\",\"@id\":\"https:\/\/cbdshop.club\/cookies\/\",\"url\":\"https:\/\/cbdshop.club\/cookies\/\",\"name\":\"Cookies - CBDshop.club\",\"isPartOf\":{\"@id\":\"https:\/\/cbdshop.club\/#website\"},\"datePublished\":\"2023-01-23T13:44:29+00:00\",\"dateModified\":\"2023-02-02T16:02:49+00:00\",\"inLanguage\":\"hr\",\"potentialAction\":[{\"@type\":\"ReadAction\",\"target\":[\"https:\/\/cbdshop.club\/cookies\/\"]}]},{\"@type\":\"WebSite\",\"@id\":\"https:\/\/cbdshop.club\/#website\",\"url\":\"https:\/\/cbdshop.club\/\",\"name\":\"CBDshop.club\",\"description\":\"CBD Online Shop\",\"publisher\":{\"@id\":\"https:\/\/cbdshop.club\/#organization\"},\"potentialAction\":[{\"@type\":\"SearchAction\",\"target\":{\"@type\":\"EntryPoint\",\"urlTemplate\":\"https:\/\/cbdshop.club\/?s={search_term_string}\"},\"query-input\":\"required name=search_term_string\"}],\"inLanguage\":\"hr\"},{\"@type\":\"Organization\",\"@id\":\"https:\/\/cbdshop.club\/#organization\",\"name\":\"CBDshop.club\",\"url\":\"https:\/\/cbdshop.club\/\",\"logo\":{\"@type\":\"ImageObject\",\"inLanguage\":\"hr\",\"@id\":\"https:\/\/cbdshop.club\/#\/schema\/logo\/image\/\",\"url\":\"https:\/\/cbdshop.club\/wp-content\/uploads\/2023\/01\/cbdshop.club-logo.svg\",\"contentUrl\":\"https:\/\/cbdshop.club\/wp-content\/uploads\/2023\/01\/cbdshop.club-logo.svg\",\"width\":12,\"height\":4,\"caption\":\"CBDshop.club\"},\"image\":{\"@id\":\"https:\/\/cbdshop.club\/#\/schema\/logo\/image\/\"}}]}<\/script>\n<!-- \/ Yoast SEO plugin. -->","yoast_head_json":{"title":"Cookies - CBDshop.club","robots":{"index":"index","follow":"follow","max-snippet":"max-snippet:-1","max-image-preview":"max-image-preview:large","max-video-preview":"max-video-preview:-1"},"canonical":"https:\/\/cbdshop.club\/hr\/kolacici\/","og_locale":"hr_HR","og_type":"article","og_title":"Cookies - CBDshop.club","og_description":"Cookies 01 October 2021 As a controller of your personal data, Gigasus d.o.o., registered in Slovenia under company number 8133174000 and with a business address at Stegne 3, 1000 Ljubljana, Slovenija, EU, (\u00bbGigasus\u00ab) uses cookies on its website. What are cookies? Cookies are small text files that are downloaded to your computer when you visit [&hellip;]","og_url":"https:\/\/cbdshop.club\/hr\/kolacici\/","og_site_name":"CBDshop.club","article_modified_time":"2023-02-02T16:02:49+00:00","twitter_card":"summary_large_image","twitter_misc":{"Procijenjeno vrijeme \u010ditanja":"3 minute"},"schema":{"@context":"https:\/\/schema.org","@graph":[{"@type":"WebPage","@id":"https:\/\/cbdshop.club\/cookies\/","url":"https:\/\/cbdshop.club\/cookies\/","name":"Cookies - CBDshop.club","isPartOf":{"@id":"https:\/\/cbdshop.club\/#website"},"datePublished":"2023-01-23T13:44:29+00:00","dateModified":"2023-02-02T16:02:49+00:00","inLanguage":"hr","potentialAction":[{"@type":"ReadAction","target":["https:\/\/cbdshop.club\/cookies\/"]}]},{"@type":"WebSite","@id":"https:\/\/cbdshop.club\/#website","url":"https:\/\/cbdshop.club\/","name":"CBDshop.club","description":"CBD Online Shop","publisher":{"@id":"https:\/\/cbdshop.club\/#organization"},"potentialAction":[{"@type":"SearchAction","target":{"@type":"EntryPoint","urlTemplate":"https:\/\/cbdshop.club\/?s={search_term_string}"},"query-input":"required name=search_term_string"}],"inLanguage":"hr"},{"@type":"Organization","@id":"https:\/\/cbdshop.club\/#organization","name":"CBDshop.club","url":"https:\/\/cbdshop.club\/","logo":{"@type":"ImageObject","inLanguage":"hr","@id":"https:\/\/cbdshop.club\/#\/schema\/logo\/image\/","url":"https:\/\/cbdshop.club\/wp-content\/uploads\/2023\/01\/cbdshop.club-logo.svg","contentUrl":"https:\/\/cbdshop.club\/wp-content\/uploads\/2023\/01\/cbdshop.club-logo.svg","width":12,"height":4,"caption":"CBDshop.club"},"image":{"@id":"https:\/\/cbdshop.club\/#\/schema\/logo\/image\/"}}]}},"_links":{"self":[{"href":"https:\/\/cbdshop.club\/hr\/wp-json\/wp\/v2\/pages\/81","targetHints":{"allow":["GET"]}}],"collection":[{"href":"https:\/\/cbdshop.club\/hr\/wp-json\/wp\/v2\/pages"}],"about":[{"href":"https:\/\/cbdshop.club\/hr\/wp-json\/wp\/v2\/types\/page"}],"author":[{"embeddable":true,"href":"https:\/\/cbdshop.club\/hr\/wp-json\/wp\/v2\/users\/1"}],"replies":[{"embeddable":true,"href":"https:\/\/cbdshop.club\/hr\/wp-json\/wp\/v2\/comments?post=81"}],"version-history":[{"count":29,"href":"https:\/\/cbdshop.club\/hr\/wp-json\/wp\/v2\/pages\/81\/revisions"}],"predecessor-version":[{"id":1572,"href":"https:\/\/cbdshop.club\/hr\/wp-json\/wp\/v2\/pages\/81\/revisions\/1572"}],"wp:attachment":[{"href":"https:\/\/cbdshop.club\/hr\/wp-json\/wp\/v2\/media?parent=81"}],"curies":[{"name":"wp","href":"https:\/\/api.w.org\/{rel}","templated":true}]}}