{"id":69,"date":"2023-01-23T13:44:28","date_gmt":"2023-01-23T13:44:28","guid":{"rendered":"https:\/\/cbdshop.club\/index.php\/terms-privacy\/"},"modified":"2023-02-02T15:31:17","modified_gmt":"2023-02-02T15:31:17","slug":"return-policy","status":"publish","type":"page","link":"https:\/\/cbdshop.club\/hr\/olitika-povrata\/","title":{"rendered":"Politika povrata"},"content":{"rendered":"<div data-elementor-type=\"wp-page\" data-elementor-id=\"69\" class=\"elementor elementor-69\">\n\t\t\t\t\t\t\t\t\t<section class=\"elementor-section elementor-top-section elementor-element elementor-element-1f62973 elementor-section-boxed elementor-section-height-default elementor-section-height-default\" data-id=\"1f62973\" data-element_type=\"section\">\n\t\t\t\t\t\t<div class=\"elementor-container elementor-column-gap-default\">\n\t\t\t\t\t<div class=\"elementor-column elementor-col-100 elementor-top-column elementor-element elementor-element-e5f4e53\" data-id=\"e5f4e53\" data-element_type=\"column\">\n\t\t\t<div class=\"elementor-widget-wrap elementor-element-populated\">\n\t\t\t\t\t\t\t\t<div class=\"elementor-element elementor-element-e4a0bc4 elementor-widget elementor-widget-woocommerce-breadcrumb\" data-id=\"e4a0bc4\" data-element_type=\"widget\" data-widget_type=\"woocommerce-breadcrumb.default\">\n\t\t\t\t<div class=\"elementor-widget-container\">\n\t\t\t<link rel=\"stylesheet\" href=\"https:\/\/cbdshop.club\/wp-content\/plugins\/elementor-pro\/assets\/css\/widget-woocommerce.min.css\"><nav class=\"woocommerce-breadcrumb\" data-no-translation=\"\" data-trp-gettext=\"\">Po\u010detna<\/nav>\t\t<\/div>\n\t\t\t\t<\/div>\n\t\t\t\t\t<\/div>\n\t\t<\/div>\n\t\t\t\t\t\t\t<\/div>\n\t\t<\/section>\n\t\t\t\t<section class=\"elementor-section elementor-top-section elementor-element elementor-element-bd41a3c elementor-section-boxed elementor-section-height-default elementor-section-height-default\" data-id=\"bd41a3c\" data-element_type=\"section\">\n\t\t\t\t\t\t<div class=\"elementor-container elementor-column-gap-default\">\n\t\t\t\t\t<div class=\"elementor-column elementor-col-100 elementor-top-column elementor-element elementor-element-8220a93\" data-id=\"8220a93\" data-element_type=\"column\">\n\t\t\t<div class=\"elementor-widget-wrap elementor-element-populated\">\n\t\t\t\t\t\t\t\t<div class=\"elementor-element elementor-element-8859136 elementor-widget elementor-widget-heading\" data-id=\"8859136\" data-element_type=\"widget\" data-widget_type=\"heading.default\">\n\t\t\t\t<div class=\"elementor-widget-container\">\n\t\t\t<style>\/*! elementor - v3.13.2 - 11-05-2023 *\/\n.elementor-heading-title{padding:0;margin:0;line-height:1}.elementor-widget-heading .elementor-heading-title[class*=elementor-size-]>a{color:inherit;font-size:inherit;line-height:inherit}.elementor-widget-heading .elementor-heading-title.elementor-size-small{font-size:15px}.elementor-widget-heading .elementor-heading-title.elementor-size-medium{font-size:19px}.elementor-widget-heading .elementor-heading-title.elementor-size-large{font-size:29px}.elementor-widget-heading .elementor-heading-title.elementor-size-xl{font-size:39px}.elementor-widget-heading .elementor-heading-title.elementor-size-xxl{font-size:59px}<\/style><h2 class=\"elementor-heading-title elementor-size-default\">Politika povrata<\/h2>\t\t<\/div>\n\t\t\t\t<\/div>\n\t\t\t\t<div class=\"elementor-element elementor-element-51109eb elementor-widget elementor-widget-text-editor\" data-id=\"51109eb\" data-element_type=\"widget\" data-widget_type=\"text-editor.default\">\n\t\t\t\t<div class=\"elementor-widget-container\">\n\t\t\t<style>\/*! elementor - v3.13.2 - 11-05-2023 *\/\n.elementor-widget-text-editor.elementor-drop-cap-view-stacked .elementor-drop-cap{background-color:#69727d;color:#fff}.elementor-widget-text-editor.elementor-drop-cap-view-framed .elementor-drop-cap{color:#69727d;border:3px solid;background-color:transparent}.elementor-widget-text-editor:not(.elementor-drop-cap-view-default) .elementor-drop-cap{margin-top:8px}.elementor-widget-text-editor:not(.elementor-drop-cap-view-default) .elementor-drop-cap-letter{width:1em;height:1em}.elementor-widget-text-editor .elementor-drop-cap{float:left;text-align:center;line-height:1;font-size:50px}.elementor-widget-text-editor .elementor-drop-cap-letter{display:inline-block}<\/style>\t\t\t\t<p><strong>POVRATI:<\/strong><\/p><p>Na\u0161a politika traje 15 dana. Ako je pro\u0161lo 15 dana od va\u0161e kupovine, na\u017ealost, ne mo\u017eemo vam ponuditi povrat novca ili zamjenu. Da biste ostvarili pravo na povrat, va\u0161 proizvod mora biti nekori\u0161ten i u istom stanju u kojem ste ga primili. Tako\u0111er mora biti u originalnom pakiranju.<\/p><p><strong><em>Nemojte slati svoju kupnju natrag proizvo\u0111a\u010du.<\/em><\/strong><\/p><p><strong><em>Dodatni proizvodi koji se ne mogu vratiti:<\/em><\/strong><\/p><p>Poklon kartice<\/p><p>Postoje odre\u0111ene situacije u kojima se odobravaju samo djelomi\u010dni povrati (ako je primjenjivo).<\/p><p>Proizvodi s o\u010diglednim znakovima kori\u0161tenja. Bilo koji proizvod koji nije u svom izvornom stanju, o\u0161te\u0107en ili nedostaju dijelovi iz razloga koji nisu rezultat na\u0161e pogre\u0161ke, kao i bilo koji proizvod koji se vra\u0107a vi\u0161e od 15 dana nakon isporuke, smatrat \u0107e se proizvodima koji se ne mogu vratiti.<\/p><p><strong>POVRATI (AKO JE PRIMJENJIVO):<\/strong><\/p><p>Nakon \u0161to primimo i pregledamo va\u0161u povratnu po\u0161iljku, poslat \u0107emo vam e-po\u0161tu kojom \u0107emo vas obavijestiti da smo primili va\u0161 vra\u0107eni proizvod. Tako\u0111er \u0107emo vas obavijestiti o odobrenju ili odbijanju va\u0161eg povrata. Ako je odobren, tada \u0107emo obraditi povrat novca, a povrat \u0107e automatski biti primijenjen na va\u0161u kreditnu karticu ili originalni na\u010din pla\u0107anja u odre\u0111enom vremenskom razdoblju.<\/p><p><strong>KA\u0160NJENJE ILI NEDOSTATAK POVRATA (AKO JE PRIMJENJIVO):<\/strong><\/p><p>Ako jo\u0161 niste primili povrat novca, prvo provjerite svoj bankovni ra\u010dun.<\/p><p>Zatim kontaktirajte svoju kreditnu karti\u010dnu tvrtku jer mo\u017ee pro\u0107i neko vrijeme prije nego \u0161to se povrat slu\u017ebeno evidentira. Ako ste sve to obavili i jo\u0161 uvijek niste primili povrat novca, molimo koristite\u00a0<strong>\"Kontaktirajte nas\"<\/strong>\u00a0na vrhu stranice i po\u0161aljite nam e-po\u0161tu. Odgovorit \u0107emo vam u roku od 24 sata od primitka va\u0161e poruke.<\/p><p><strong><em>ZAMJENE (AKO JE PRIMJENJIVO):<\/em><\/strong><strong>:<\/strong><\/p><p>Zamjenjujemo samo proizvode koji su neispravni ili o\u0161te\u0107eni. Ako trebate zamijeniti proizvod istim proizvodom, po\u0161aljite nam e-po\u0161tu klikom na \"Kontaktirajte nas\" na vrhu ove stranice.<\/p><p><strong>Pobrinut \u0107emo se da odgovorimo na sve e-po\u0161te u roku od 24 sata.<\/strong><\/p><p><strong>\u00a0\u00a0<\/strong><\/p><p><strong>DOSTAVA:<\/strong><\/p><p>Da biste vratili svoj proizvod, molimo po\u0161aljite nam e-po\u0161tu za upute, odgovorit \u0107emo na va\u0161u e-po\u0161tu u roku od 24 sata. Ovisno o va\u0161oj lokaciji, vrijeme koje mo\u017ee biti potrebno da zamijenjeni proizvod stigne do vas mo\u017ee varirati.<\/p>\t\t\t\t\t\t<\/div>\n\t\t\t\t<\/div>\n\t\t\t\t\t<\/div>\n\t\t<\/div>\n\t\t\t\t\t\t\t<\/div>\n\t\t<\/section>\n\t\t\t\t\t\t\t<\/div>","protected":false},"excerpt":{"rendered":"<p>Return Policy RETURNS: Our policy lasts 15 days. If 15 days have gone by since your purchase, unfortunately, we can\u2019t offer you a refund or exchange. To be eligible for a return, your item must be unused and in the same condition that you received it. It must also be in the original packaging. Please [&hellip;]<\/p>","protected":false},"author":1,"featured_media":0,"parent":0,"menu_order":0,"comment_status":"closed","ping_status":"closed","template":"elementor_header_footer","meta":{"inline_featured_image":false,"footnotes":""},"class_list":["post-69","page","type-page","status-publish","hentry"],"yoast_head":"<!-- This site is optimized with the Yoast SEO plugin v20.7 - https:\/\/yoast.com\/wordpress\/plugins\/seo\/ -->\n<title>Return Policy - CBDshop.club<\/title>\n<meta name=\"robots\" content=\"index, follow, max-snippet:-1, max-image-preview:large, max-video-preview:-1\" \/>\n<link rel=\"canonical\" href=\"https:\/\/cbdshop.club\/hr\/olitika-povrata\/\" \/>\n<meta property=\"og:locale\" content=\"hr_HR\" \/>\n<meta property=\"og:type\" content=\"article\" \/>\n<meta property=\"og:title\" content=\"Return Policy - CBDshop.club\" \/>\n<meta property=\"og:description\" content=\"Return Policy RETURNS: Our policy lasts 15 days. If 15 days have gone by since your purchase, unfortunately, we can\u2019t offer you a refund or exchange. To be eligible for a return, your item must be unused and in the same condition that you received it. It must also be in the original packaging. Please [&hellip;]\" \/>\n<meta property=\"og:url\" content=\"https:\/\/cbdshop.club\/hr\/olitika-povrata\/\" \/>\n<meta property=\"og:site_name\" content=\"CBDshop.club\" \/>\n<meta property=\"article:modified_time\" content=\"2023-02-02T15:31:17+00:00\" \/>\n<meta name=\"twitter:card\" content=\"summary_large_image\" \/>\n<meta name=\"twitter:label1\" content=\"Procijenjeno vrijeme \u010ditanja\" \/>\n\t<meta name=\"twitter:data1\" content=\"2 minute\" \/>\n<script type=\"application\/ld+json\" class=\"yoast-schema-graph\">{\"@context\":\"https:\/\/schema.org\",\"@graph\":[{\"@type\":\"WebPage\",\"@id\":\"https:\/\/cbdshop.club\/return-policy\/\",\"url\":\"https:\/\/cbdshop.club\/return-policy\/\",\"name\":\"Return Policy - CBDshop.club\",\"isPartOf\":{\"@id\":\"https:\/\/cbdshop.club\/#website\"},\"datePublished\":\"2023-01-23T13:44:28+00:00\",\"dateModified\":\"2023-02-02T15:31:17+00:00\",\"inLanguage\":\"hr\",\"potentialAction\":[{\"@type\":\"ReadAction\",\"target\":[\"https:\/\/cbdshop.club\/return-policy\/\"]}]},{\"@type\":\"WebSite\",\"@id\":\"https:\/\/cbdshop.club\/#website\",\"url\":\"https:\/\/cbdshop.club\/\",\"name\":\"CBDshop.club\",\"description\":\"CBD Online Shop\",\"publisher\":{\"@id\":\"https:\/\/cbdshop.club\/#organization\"},\"potentialAction\":[{\"@type\":\"SearchAction\",\"target\":{\"@type\":\"EntryPoint\",\"urlTemplate\":\"https:\/\/cbdshop.club\/?s={search_term_string}\"},\"query-input\":\"required name=search_term_string\"}],\"inLanguage\":\"hr\"},{\"@type\":\"Organization\",\"@id\":\"https:\/\/cbdshop.club\/#organization\",\"name\":\"CBDshop.club\",\"url\":\"https:\/\/cbdshop.club\/\",\"logo\":{\"@type\":\"ImageObject\",\"inLanguage\":\"hr\",\"@id\":\"https:\/\/cbdshop.club\/#\/schema\/logo\/image\/\",\"url\":\"https:\/\/cbdshop.club\/wp-content\/uploads\/2023\/01\/cbdshop.club-logo.svg\",\"contentUrl\":\"https:\/\/cbdshop.club\/wp-content\/uploads\/2023\/01\/cbdshop.club-logo.svg\",\"width\":12,\"height\":4,\"caption\":\"CBDshop.club\"},\"image\":{\"@id\":\"https:\/\/cbdshop.club\/#\/schema\/logo\/image\/\"}}]}<\/script>\n<!-- \/ Yoast SEO plugin. -->","yoast_head_json":{"title":"Return Policy - CBDshop.club","robots":{"index":"index","follow":"follow","max-snippet":"max-snippet:-1","max-image-preview":"max-image-preview:large","max-video-preview":"max-video-preview:-1"},"canonical":"https:\/\/cbdshop.club\/hr\/olitika-povrata\/","og_locale":"hr_HR","og_type":"article","og_title":"Return Policy - CBDshop.club","og_description":"Return Policy RETURNS: Our policy lasts 15 days. If 15 days have gone by since your purchase, unfortunately, we can\u2019t offer you a refund or exchange. To be eligible for a return, your item must be unused and in the same condition that you received it. It must also be in the original packaging. Please [&hellip;]","og_url":"https:\/\/cbdshop.club\/hr\/olitika-povrata\/","og_site_name":"CBDshop.club","article_modified_time":"2023-02-02T15:31:17+00:00","twitter_card":"summary_large_image","twitter_misc":{"Procijenjeno vrijeme \u010ditanja":"2 minute"},"schema":{"@context":"https:\/\/schema.org","@graph":[{"@type":"WebPage","@id":"https:\/\/cbdshop.club\/return-policy\/","url":"https:\/\/cbdshop.club\/return-policy\/","name":"Return Policy - CBDshop.club","isPartOf":{"@id":"https:\/\/cbdshop.club\/#website"},"datePublished":"2023-01-23T13:44:28+00:00","dateModified":"2023-02-02T15:31:17+00:00","inLanguage":"hr","potentialAction":[{"@type":"ReadAction","target":["https:\/\/cbdshop.club\/return-policy\/"]}]},{"@type":"WebSite","@id":"https:\/\/cbdshop.club\/#website","url":"https:\/\/cbdshop.club\/","name":"CBDshop.club","description":"CBD Online Shop","publisher":{"@id":"https:\/\/cbdshop.club\/#organization"},"potentialAction":[{"@type":"SearchAction","target":{"@type":"EntryPoint","urlTemplate":"https:\/\/cbdshop.club\/?s={search_term_string}"},"query-input":"required name=search_term_string"}],"inLanguage":"hr"},{"@type":"Organization","@id":"https:\/\/cbdshop.club\/#organization","name":"CBDshop.club","url":"https:\/\/cbdshop.club\/","logo":{"@type":"ImageObject","inLanguage":"hr","@id":"https:\/\/cbdshop.club\/#\/schema\/logo\/image\/","url":"https:\/\/cbdshop.club\/wp-content\/uploads\/2023\/01\/cbdshop.club-logo.svg","contentUrl":"https:\/\/cbdshop.club\/wp-content\/uploads\/2023\/01\/cbdshop.club-logo.svg","width":12,"height":4,"caption":"CBDshop.club"},"image":{"@id":"https:\/\/cbdshop.club\/#\/schema\/logo\/image\/"}}]}},"_links":{"self":[{"href":"https:\/\/cbdshop.club\/hr\/wp-json\/wp\/v2\/pages\/69","targetHints":{"allow":["GET"]}}],"collection":[{"href":"https:\/\/cbdshop.club\/hr\/wp-json\/wp\/v2\/pages"}],"about":[{"href":"https:\/\/cbdshop.club\/hr\/wp-json\/wp\/v2\/types\/page"}],"author":[{"embeddable":true,"href":"https:\/\/cbdshop.club\/hr\/wp-json\/wp\/v2\/users\/1"}],"replies":[{"embeddable":true,"href":"https:\/\/cbdshop.club\/hr\/wp-json\/wp\/v2\/comments?post=69"}],"version-history":[{"count":37,"href":"https:\/\/cbdshop.club\/hr\/wp-json\/wp\/v2\/pages\/69\/revisions"}],"predecessor-version":[{"id":1546,"href":"https:\/\/cbdshop.club\/hr\/wp-json\/wp\/v2\/pages\/69\/revisions\/1546"}],"wp:attachment":[{"href":"https:\/\/cbdshop.club\/hr\/wp-json\/wp\/v2\/media?parent=69"}],"curies":[{"name":"wp","href":"https:\/\/api.w.org\/{rel}","templated":true}]}}