{"id":57,"date":"2023-01-23T13:44:27","date_gmt":"2023-01-23T13:44:27","guid":{"rendered":"https:\/\/cbdshop.club\/index.php\/our-story\/"},"modified":"2023-01-30T17:40:52","modified_gmt":"2023-01-30T17:40:52","slug":"about-us","status":"publish","type":"page","link":"https:\/\/cbdshop.club\/hr\/o-nama\/","title":{"rendered":"O nama"},"content":{"rendered":"<div data-elementor-type=\"wp-page\" data-elementor-id=\"57\" class=\"elementor elementor-57\">\n\t\t\t\t\t\t\t\t\t<section class=\"elementor-section elementor-top-section elementor-element elementor-element-23ca9cf elementor-section-boxed elementor-section-height-default elementor-section-height-default\" data-id=\"23ca9cf\" data-element_type=\"section\">\n\t\t\t\t\t\t<div class=\"elementor-container elementor-column-gap-default\">\n\t\t\t\t\t<div class=\"elementor-column elementor-col-100 elementor-top-column elementor-element elementor-element-6aac1c8\" data-id=\"6aac1c8\" data-element_type=\"column\">\n\t\t\t<div class=\"elementor-widget-wrap elementor-element-populated\">\n\t\t\t\t\t\t\t\t<div class=\"elementor-element elementor-element-0ffcac5 elementor-widget elementor-widget-woocommerce-breadcrumb\" data-id=\"0ffcac5\" data-element_type=\"widget\" data-widget_type=\"woocommerce-breadcrumb.default\">\n\t\t\t\t<div class=\"elementor-widget-container\">\n\t\t\t<link rel=\"stylesheet\" href=\"https:\/\/cbdshop.club\/wp-content\/plugins\/elementor-pro\/assets\/css\/widget-woocommerce.min.css\"><nav class=\"woocommerce-breadcrumb\" data-no-translation=\"\" data-trp-gettext=\"\">Po\u010detna<\/nav>\t\t<\/div>\n\t\t\t\t<\/div>\n\t\t\t\t\t<\/div>\n\t\t<\/div>\n\t\t\t\t\t\t\t<\/div>\n\t\t<\/section>\n\t\t\t\t<section class=\"elementor-section elementor-top-section elementor-element elementor-element-f7f64fb elementor-section-boxed elementor-section-height-default elementor-section-height-default\" data-id=\"f7f64fb\" data-element_type=\"section\">\n\t\t\t\t\t\t<div class=\"elementor-container elementor-column-gap-default\">\n\t\t\t\t\t<div class=\"elementor-column elementor-col-100 elementor-top-column elementor-element elementor-element-87034f8\" data-id=\"87034f8\" data-element_type=\"column\">\n\t\t\t<div class=\"elementor-widget-wrap elementor-element-populated\">\n\t\t\t\t\t\t\t\t<div class=\"elementor-element elementor-element-2efbe0f2 elementor-invisible elementor-widget elementor-widget-heading\" data-id=\"2efbe0f2\" data-element_type=\"widget\" data-settings=\"{&quot;_animation&quot;:&quot;fadeInUp&quot;}\" data-widget_type=\"heading.default\">\n\t\t\t\t<div class=\"elementor-widget-container\">\n\t\t\t<style>\/*! elementor - v3.13.2 - 11-05-2023 *\/\n.elementor-heading-title{padding:0;margin:0;line-height:1}.elementor-widget-heading .elementor-heading-title[class*=elementor-size-]>a{color:inherit;font-size:inherit;line-height:inherit}.elementor-widget-heading .elementor-heading-title.elementor-size-small{font-size:15px}.elementor-widget-heading .elementor-heading-title.elementor-size-medium{font-size:19px}.elementor-widget-heading .elementor-heading-title.elementor-size-large{font-size:29px}.elementor-widget-heading .elementor-heading-title.elementor-size-xl{font-size:39px}.elementor-widget-heading .elementor-heading-title.elementor-size-xxl{font-size:59px}<\/style><h1 class=\"elementor-heading-title elementor-size-default\">O nama<\/h1>\t\t<\/div>\n\t\t\t\t<\/div>\n\t\t\t\t<div class=\"elementor-element elementor-element-62ca594d elementor-widget elementor-widget-text-editor\" data-id=\"62ca594d\" data-element_type=\"widget\" data-widget_type=\"text-editor.default\">\n\t\t\t\t<div class=\"elementor-widget-container\">\n\t\t\t<style>\/*! elementor - v3.13.2 - 11-05-2023 *\/\n.elementor-widget-text-editor.elementor-drop-cap-view-stacked .elementor-drop-cap{background-color:#69727d;color:#fff}.elementor-widget-text-editor.elementor-drop-cap-view-framed .elementor-drop-cap{color:#69727d;border:3px solid;background-color:transparent}.elementor-widget-text-editor:not(.elementor-drop-cap-view-default) .elementor-drop-cap{margin-top:8px}.elementor-widget-text-editor:not(.elementor-drop-cap-view-default) .elementor-drop-cap-letter{width:1em;height:1em}.elementor-widget-text-editor .elementor-drop-cap{float:left;text-align:center;line-height:1;font-size:50px}.elementor-widget-text-editor .elementor-drop-cap-letter{display:inline-block}<\/style>\t\t\t\t<p>Mi u <strong>Cbdshop.club<\/strong> vjerujemo da su prirodni CBD proizvodi pravi put kada je rije\u010d o ukupnim zdravstvenim dobrobitima svih na\u0161ih korisnika. Nastojimo osigurati da su svi proizvodi sigurni i proizvedeni prema najvi\u0161im standardima. Svaki proizvod je certificiran od strane kvalificiranog laboratorija prije slanja u na\u0161e skladi\u0161te, zajedno s odgovaraju\u0107im izjavama o sukladnosti sadr\u017eaja svih na\u0161ih proizvoda. Koristite organske proizvode, otkrijte prednosti\u2026 odaberite <strong>cbdshop.club<\/strong><\/p>\t\t\t\t\t\t<\/div>\n\t\t\t\t<\/div>\n\t\t\t\t\t<\/div>\n\t\t<\/div>\n\t\t\t\t\t\t\t<\/div>\n\t\t<\/section>\n\t\t\t\t<section class=\"elementor-section elementor-top-section elementor-element elementor-element-6a726971 elementor-reverse-tablet elementor-reverse-mobile elementor-section-boxed elementor-section-height-default elementor-section-height-default\" data-id=\"6a726971\" data-element_type=\"section\">\n\t\t\t\t\t\t<div class=\"elementor-container elementor-column-gap-no\">\n\t\t\t\t\t<div class=\"elementor-column elementor-col-100 elementor-top-column elementor-element elementor-element-589d01d3\" data-id=\"589d01d3\" data-element_type=\"column\">\n\t\t\t<div class=\"elementor-widget-wrap elementor-element-populated\">\n\t\t\t\t\t\t\t\t<div class=\"elementor-element elementor-element-50ac5ddd elementor-cta--skin-classic elementor-animated-content elementor-bg-transform elementor-bg-transform-zoom-in elementor-widget elementor-widget-call-to-action\" data-id=\"50ac5ddd\" data-element_type=\"widget\" data-widget_type=\"call-to-action.default\">\n\t\t\t\t<div class=\"elementor-widget-container\">\n\t\t\t<link rel=\"stylesheet\" href=\"https:\/\/cbdshop.club\/wp-content\/plugins\/elementor-pro\/assets\/css\/widget-call-to-action.min.css\">\t\t<div class=\"elementor-cta\">\n\t\t\t\t\t<div class=\"elementor-cta__bg-wrapper\">\n\t\t\t\t<div class=\"elementor-cta__bg elementor-bg\" style=\"background-image: url(https:\/\/cbdshop.club\/wp-content\/uploads\/2023\/01\/Untitled_design_-_2022-12-09T101102.241.png);\" role=\"img\" aria-label=\"cbd-kapljice-flaska\"><\/div>\n\t\t\t\t<div class=\"elementor-cta__bg-overlay\"><\/div>\n\t\t\t<\/div>\n\t\t\t\t\t\t\t\t<\/div>\n\t\t\t\t<\/div>\n\t\t\t\t<\/div>\n\t\t\t\t\t<\/div>\n\t\t<\/div>\n\t\t\t\t\t\t\t<\/div>\n\t\t<\/section>\n\t\t\t\t\t\t\t<\/div>","protected":false},"excerpt":{"rendered":"<p>About Us At Cbdshop.club we believe that natural CBD products are the way to go, when it comes to overall health benefits of all of our users. We strive to ensure that all products are safe and manufactured according to the highest standards. Each product is certified by a qualified laboratory before being shipped to [&hellip;]<\/p>","protected":false},"author":1,"featured_media":0,"parent":0,"menu_order":0,"comment_status":"closed","ping_status":"closed","template":"elementor_header_footer","meta":{"inline_featured_image":false,"footnotes":""},"class_list":["post-57","page","type-page","status-publish","hentry"],"yoast_head":"<!-- This site is optimized with the Yoast SEO plugin v20.7 - https:\/\/yoast.com\/wordpress\/plugins\/seo\/ -->\n<title>About Us - CBDshop.club<\/title>\n<meta name=\"robots\" content=\"index, follow, max-snippet:-1, max-image-preview:large, max-video-preview:-1\" \/>\n<link rel=\"canonical\" href=\"https:\/\/cbdshop.club\/hr\/o-nama\/\" \/>\n<meta property=\"og:locale\" content=\"hr_HR\" \/>\n<meta property=\"og:type\" content=\"article\" \/>\n<meta property=\"og:title\" content=\"About Us - CBDshop.club\" \/>\n<meta property=\"og:description\" content=\"About Us At Cbdshop.club we believe that natural CBD products are the way to go, when it comes to overall health benefits of all of our users. We strive to ensure that all products are safe and manufactured according to the highest standards. Each product is certified by a qualified laboratory before being shipped to [&hellip;]\" \/>\n<meta property=\"og:url\" content=\"https:\/\/cbdshop.club\/hr\/o-nama\/\" \/>\n<meta property=\"og:site_name\" content=\"CBDshop.club\" \/>\n<meta property=\"article:modified_time\" content=\"2023-01-30T17:40:52+00:00\" \/>\n<meta name=\"twitter:card\" content=\"summary_large_image\" \/>\n<script type=\"application\/ld+json\" class=\"yoast-schema-graph\">{\"@context\":\"https:\/\/schema.org\",\"@graph\":[{\"@type\":\"WebPage\",\"@id\":\"https:\/\/cbdshop.club\/about-us\/\",\"url\":\"https:\/\/cbdshop.club\/about-us\/\",\"name\":\"About Us - CBDshop.club\",\"isPartOf\":{\"@id\":\"https:\/\/cbdshop.club\/#website\"},\"datePublished\":\"2023-01-23T13:44:27+00:00\",\"dateModified\":\"2023-01-30T17:40:52+00:00\",\"inLanguage\":\"hr\",\"potentialAction\":[{\"@type\":\"ReadAction\",\"target\":[\"https:\/\/cbdshop.club\/about-us\/\"]}]},{\"@type\":\"WebSite\",\"@id\":\"https:\/\/cbdshop.club\/#website\",\"url\":\"https:\/\/cbdshop.club\/\",\"name\":\"CBDshop.club\",\"description\":\"CBD Online Shop\",\"publisher\":{\"@id\":\"https:\/\/cbdshop.club\/#organization\"},\"potentialAction\":[{\"@type\":\"SearchAction\",\"target\":{\"@type\":\"EntryPoint\",\"urlTemplate\":\"https:\/\/cbdshop.club\/?s={search_term_string}\"},\"query-input\":\"required name=search_term_string\"}],\"inLanguage\":\"hr\"},{\"@type\":\"Organization\",\"@id\":\"https:\/\/cbdshop.club\/#organization\",\"name\":\"CBDshop.club\",\"url\":\"https:\/\/cbdshop.club\/\",\"logo\":{\"@type\":\"ImageObject\",\"inLanguage\":\"hr\",\"@id\":\"https:\/\/cbdshop.club\/#\/schema\/logo\/image\/\",\"url\":\"https:\/\/cbdshop.club\/wp-content\/uploads\/2023\/01\/cbdshop.club-logo.svg\",\"contentUrl\":\"https:\/\/cbdshop.club\/wp-content\/uploads\/2023\/01\/cbdshop.club-logo.svg\",\"width\":12,\"height\":4,\"caption\":\"CBDshop.club\"},\"image\":{\"@id\":\"https:\/\/cbdshop.club\/#\/schema\/logo\/image\/\"}}]}<\/script>\n<!-- \/ Yoast SEO plugin. -->","yoast_head_json":{"title":"About Us - CBDshop.club","robots":{"index":"index","follow":"follow","max-snippet":"max-snippet:-1","max-image-preview":"max-image-preview:large","max-video-preview":"max-video-preview:-1"},"canonical":"https:\/\/cbdshop.club\/hr\/o-nama\/","og_locale":"hr_HR","og_type":"article","og_title":"About Us - CBDshop.club","og_description":"About Us At Cbdshop.club we believe that natural CBD products are the way to go, when it comes to overall health benefits of all of our users. We strive to ensure that all products are safe and manufactured according to the highest standards. Each product is certified by a qualified laboratory before being shipped to [&hellip;]","og_url":"https:\/\/cbdshop.club\/hr\/o-nama\/","og_site_name":"CBDshop.club","article_modified_time":"2023-01-30T17:40:52+00:00","twitter_card":"summary_large_image","schema":{"@context":"https:\/\/schema.org","@graph":[{"@type":"WebPage","@id":"https:\/\/cbdshop.club\/about-us\/","url":"https:\/\/cbdshop.club\/about-us\/","name":"About Us - CBDshop.club","isPartOf":{"@id":"https:\/\/cbdshop.club\/#website"},"datePublished":"2023-01-23T13:44:27+00:00","dateModified":"2023-01-30T17:40:52+00:00","inLanguage":"hr","potentialAction":[{"@type":"ReadAction","target":["https:\/\/cbdshop.club\/about-us\/"]}]},{"@type":"WebSite","@id":"https:\/\/cbdshop.club\/#website","url":"https:\/\/cbdshop.club\/","name":"CBDshop.club","description":"CBD Online Shop","publisher":{"@id":"https:\/\/cbdshop.club\/#organization"},"potentialAction":[{"@type":"SearchAction","target":{"@type":"EntryPoint","urlTemplate":"https:\/\/cbdshop.club\/?s={search_term_string}"},"query-input":"required name=search_term_string"}],"inLanguage":"hr"},{"@type":"Organization","@id":"https:\/\/cbdshop.club\/#organization","name":"CBDshop.club","url":"https:\/\/cbdshop.club\/","logo":{"@type":"ImageObject","inLanguage":"hr","@id":"https:\/\/cbdshop.club\/#\/schema\/logo\/image\/","url":"https:\/\/cbdshop.club\/wp-content\/uploads\/2023\/01\/cbdshop.club-logo.svg","contentUrl":"https:\/\/cbdshop.club\/wp-content\/uploads\/2023\/01\/cbdshop.club-logo.svg","width":12,"height":4,"caption":"CBDshop.club"},"image":{"@id":"https:\/\/cbdshop.club\/#\/schema\/logo\/image\/"}}]}},"_links":{"self":[{"href":"https:\/\/cbdshop.club\/hr\/wp-json\/wp\/v2\/pages\/57","targetHints":{"allow":["GET"]}}],"collection":[{"href":"https:\/\/cbdshop.club\/hr\/wp-json\/wp\/v2\/pages"}],"about":[{"href":"https:\/\/cbdshop.club\/hr\/wp-json\/wp\/v2\/types\/page"}],"author":[{"embeddable":true,"href":"https:\/\/cbdshop.club\/hr\/wp-json\/wp\/v2\/users\/1"}],"replies":[{"embeddable":true,"href":"https:\/\/cbdshop.club\/hr\/wp-json\/wp\/v2\/comments?post=57"}],"version-history":[{"count":38,"href":"https:\/\/cbdshop.club\/hr\/wp-json\/wp\/v2\/pages\/57\/revisions"}],"predecessor-version":[{"id":1283,"href":"https:\/\/cbdshop.club\/hr\/wp-json\/wp\/v2\/pages\/57\/revisions\/1283"}],"wp:attachment":[{"href":"https:\/\/cbdshop.club\/hr\/wp-json\/wp\/v2\/media?parent=57"}],"curies":[{"name":"wp","href":"https:\/\/api.w.org\/{rel}","templated":true}]}}