{"id":328,"date":"2023-01-24T18:02:26","date_gmt":"2023-01-24T18:02:26","guid":{"rendered":"https:\/\/cbdshop.club\/?page_id=328"},"modified":"2023-02-01T17:28:50","modified_gmt":"2023-02-01T17:28:50","slug":"blog","status":"publish","type":"page","link":"https:\/\/cbdshop.club\/hr\/blog\/","title":{"rendered":"Blog"},"content":{"rendered":"<div data-elementor-type=\"wp-page\" data-elementor-id=\"328\" class=\"elementor elementor-328\">\n\t\t\t\t\t\t\t\t\t<section class=\"elementor-section elementor-top-section elementor-element elementor-element-cb55d5d elementor-section-boxed elementor-section-height-default elementor-section-height-default\" data-id=\"cb55d5d\" data-element_type=\"section\">\n\t\t\t\t\t\t<div class=\"elementor-container elementor-column-gap-default\">\n\t\t\t\t\t<div class=\"elementor-column elementor-col-100 elementor-top-column elementor-element elementor-element-4a4e752\" data-id=\"4a4e752\" data-element_type=\"column\">\n\t\t\t<div class=\"elementor-widget-wrap elementor-element-populated\">\n\t\t\t\t\t\t\t\t<div class=\"elementor-element elementor-element-e950343 elementor-widget elementor-widget-woocommerce-breadcrumb\" data-id=\"e950343\" data-element_type=\"widget\" data-widget_type=\"woocommerce-breadcrumb.default\">\n\t\t\t\t<div class=\"elementor-widget-container\">\n\t\t\t<link rel=\"stylesheet\" href=\"https:\/\/cbdshop.club\/wp-content\/plugins\/elementor-pro\/assets\/css\/widget-woocommerce.min.css\"><nav class=\"woocommerce-breadcrumb\" data-no-translation=\"\" data-trp-gettext=\"\">Po\u010detna<\/nav>\t\t<\/div>\n\t\t\t\t<\/div>\n\t\t\t\t\t<\/div>\n\t\t<\/div>\n\t\t\t\t\t\t\t<\/div>\n\t\t<\/section>\n\t\t\t\t<section class=\"elementor-section elementor-top-section elementor-element elementor-element-9e2258e elementor-section-boxed elementor-section-height-default elementor-section-height-default\" data-id=\"9e2258e\" data-element_type=\"section\" data-no-translation=\"\">\n\t\t\t\t\t\t<div class=\"elementor-container elementor-column-gap-default\">\n\t\t\t\t\t<div class=\"elementor-column elementor-col-100 elementor-top-column elementor-element elementor-element-3a2a18e\" data-id=\"3a2a18e\" data-element_type=\"column\">\n\t\t\t<div class=\"elementor-widget-wrap elementor-element-populated\">\n\t\t\t\t\t\t\t\t<div class=\"elementor-element elementor-element-720279a elementor-invisible elementor-widget elementor-widget-heading\" data-id=\"720279a\" data-element_type=\"widget\" data-settings=\"{&quot;_animation&quot;:&quot;fadeInUp&quot;}\" data-widget_type=\"heading.default\">\n\t\t\t\t<div class=\"elementor-widget-container\">\n\t\t\t<h2 class=\"elementor-heading-title elementor-size-default\">Blog<\/h2>\t\t<\/div>\n\t\t\t\t<\/div>\n\t\t\t\t<div class=\"elementor-element elementor-element-a4e4abd elementor-grid-3 elementor-grid-tablet-2 elementor-grid-mobile-1 elementor-posts--thumbnail-top elementor-card-shadow-yes elementor-posts__hover-gradient elementor-widget elementor-widget-posts\" data-id=\"a4e4abd\" data-element_type=\"widget\" id=\"posts-hr\" data-settings=\"{&quot;cards_columns&quot;:&quot;3&quot;,&quot;cards_columns_tablet&quot;:&quot;2&quot;,&quot;cards_columns_mobile&quot;:&quot;1&quot;,&quot;cards_row_gap&quot;:{&quot;unit&quot;:&quot;px&quot;,&quot;size&quot;:35,&quot;sizes&quot;:[]},&quot;cards_row_gap_tablet&quot;:{&quot;unit&quot;:&quot;px&quot;,&quot;size&quot;:&quot;&quot;,&quot;sizes&quot;:[]},&quot;cards_row_gap_mobile&quot;:{&quot;unit&quot;:&quot;px&quot;,&quot;size&quot;:&quot;&quot;,&quot;sizes&quot;:[]}}\" data-widget_type=\"posts.cards\">\n\t\t\t\t<div class=\"elementor-widget-container\">\n\t\t\t\t\t<div class=\"elementor-posts-container elementor-posts elementor-posts--skin-cards elementor-grid\">\n\t\t\t\t<article class=\"elementor-post elementor-grid-item post-1769 post type-post status-publish format-standard has-post-thumbnail hentry category-blog-hr\">\n\t\t\t<div class=\"elementor-post__card\">\n\t\t\t\t<a class=\"elementor-post__thumbnail__link\" href=\"https:\/\/cbdshop.club\/hr\/blog\/cbd-krema-sa-konopljom\/\" ><div class=\"elementor-post__thumbnail\"><img loading=\"lazy\" decoding=\"async\" width=\"300\" height=\"200\" src=\"https:\/\/cbdshop.club\/wp-content\/uploads\/2023\/01\/CBD_SHOP3640-min-300x200.jpg\" class=\"attachment-medium size-medium wp-image-607\" alt=\"\" srcset=\"https:\/\/cbdshop.club\/wp-content\/uploads\/2023\/01\/CBD_SHOP3640-min-300x200.jpg 300w, https:\/\/cbdshop.club\/wp-content\/uploads\/2023\/01\/CBD_SHOP3640-min-1024x683.jpg 1024w, https:\/\/cbdshop.club\/wp-content\/uploads\/2023\/01\/CBD_SHOP3640-min-768x512.jpg 768w, https:\/\/cbdshop.club\/wp-content\/uploads\/2023\/01\/CBD_SHOP3640-min-1536x1024.jpg 1536w, https:\/\/cbdshop.club\/wp-content\/uploads\/2023\/01\/CBD_SHOP3640-min-600x400.jpg 600w, https:\/\/cbdshop.club\/wp-content\/uploads\/2023\/01\/CBD_SHOP3640-min.jpg 2048w\" sizes=\"auto, (max-width: 300px) 100vw, 300px\" \/><\/div><\/a>\n\t\t\t\t<div class=\"elementor-post__text\">\n\t\t\t\t<h3 class=\"elementor-post__title\">\n\t\t\t<a href=\"https:\/\/cbdshop.club\/hr\/blog\/cbd-krema-sa-konopljom\/\" >\n\t\t\t\tZa\u0161to je CBD krema sa konopljom idealna za va\u0161u ko\u017eu?\t\t\t<\/a>\n\t\t<\/h3>\n\t\t\t\t<div class=\"elementor-post__excerpt\">\n\t\t\t<p>CBD krema sa konopljom je poseban tip topi\u010dke kreme koja u svojoj formuli uklju\u010duje kanabidiol<\/p>\n\t\t<\/div>\n\t\t\n\t\t<a class=\"elementor-post__read-more\" href=\"https:\/\/cbdshop.club\/hr\/blog\/cbd-krema-sa-konopljom\/\" aria-label=\"Read more about Za\u0161to je CBD krema sa konopljom idealna za va\u0161u ko\u017eu?\" >\n\t\t\tRead More \u00bb\t\t<\/a>\n\n\t\t\t\t<\/div>\n\t\t\t\t<div class=\"elementor-post__meta-data\">\n\t\t\t\t\t<span class=\"elementor-post-date\">\n\t\t\t16 lipnja, 2023\t\t<\/span>\n\t\t\t\t<\/div>\n\t\t\t\t\t<\/div>\n\t\t<\/article>\n\t\t\t\t<article class=\"elementor-post elementor-grid-item post-1749 post type-post status-publish format-standard has-post-thumbnail hentry category-blog-hr\">\n\t\t\t<div class=\"elementor-post__card\">\n\t\t\t\t<a class=\"elementor-post__thumbnail__link\" href=\"https:\/\/cbdshop.club\/hr\/blog\/cbd-maslac-za-tijelo\/\" ><div class=\"elementor-post__thumbnail\"><img loading=\"lazy\" decoding=\"async\" width=\"300\" height=\"200\" src=\"https:\/\/cbdshop.club\/wp-content\/uploads\/2023\/01\/Izdelek_brez_naslova_3_7c7babc7-c048-49b7-835c-b6d877257e6d_1024x-300x200.webp\" class=\"attachment-medium size-medium wp-image-746\" alt=\"\" srcset=\"https:\/\/cbdshop.club\/wp-content\/uploads\/2023\/01\/Izdelek_brez_naslova_3_7c7babc7-c048-49b7-835c-b6d877257e6d_1024x-300x200.webp 300w, https:\/\/cbdshop.club\/wp-content\/uploads\/2023\/01\/Izdelek_brez_naslova_3_7c7babc7-c048-49b7-835c-b6d877257e6d_1024x-768x512.webp 768w, https:\/\/cbdshop.club\/wp-content\/uploads\/2023\/01\/Izdelek_brez_naslova_3_7c7babc7-c048-49b7-835c-b6d877257e6d_1024x-600x400.webp 600w, https:\/\/cbdshop.club\/wp-content\/uploads\/2023\/01\/Izdelek_brez_naslova_3_7c7babc7-c048-49b7-835c-b6d877257e6d_1024x.webp 1024w\" sizes=\"auto, (max-width: 300px) 100vw, 300px\" \/><\/div><\/a>\n\t\t\t\t<div class=\"elementor-post__text\">\n\t\t\t\t<h3 class=\"elementor-post__title\">\n\t\t\t<a href=\"https:\/\/cbdshop.club\/hr\/blog\/cbd-maslac-za-tijelo\/\" >\n\t\t\t\tZa\u0161to je CBD maslac za tijelo pravi izbor za va\u0161u ko\u017eu?\t\t\t<\/a>\n\t\t<\/h3>\n\t\t\t\t<div class=\"elementor-post__excerpt\">\n\t\t\t<p>Svijet prirodne njege ko\u017ee sve vi\u0161e prepoznaje prednosti kanabidiola, poznatijeg kao CBD. <\/p>\n\t\t<\/div>\n\t\t\n\t\t<a class=\"elementor-post__read-more\" href=\"https:\/\/cbdshop.club\/hr\/blog\/cbd-maslac-za-tijelo\/\" aria-label=\"Read more about Za\u0161to je CBD maslac za tijelo pravi izbor za va\u0161u ko\u017eu?\" >\n\t\t\tRead More \u00bb\t\t<\/a>\n\n\t\t\t\t<\/div>\n\t\t\t\t<div class=\"elementor-post__meta-data\">\n\t\t\t\t\t<span class=\"elementor-post-date\">\n\t\t\t24 svibnja, 2023\t\t<\/span>\n\t\t\t\t<\/div>\n\t\t\t\t\t<\/div>\n\t\t<\/article>\n\t\t\t\t<article class=\"elementor-post elementor-grid-item post-1472 post type-post status-publish format-standard has-post-thumbnail hentry category-blog-hr\">\n\t\t\t<div class=\"elementor-post__card\">\n\t\t\t\t<a class=\"elementor-post__thumbnail__link\" href=\"https:\/\/cbdshop.club\/hr\/blog\/zastita-i-hidratacija-cbd-krema-za-lice-cini-cuda\/\" ><div class=\"elementor-post__thumbnail\"><img loading=\"lazy\" decoding=\"async\" width=\"300\" height=\"300\" src=\"https:\/\/cbdshop.club\/wp-content\/uploads\/2023\/02\/konopljina-cbd-krema-za-obraz-mistatera-prodimg-58_tiny-300x300.jpg\" class=\"attachment-medium size-medium wp-image-1709\" alt=\"CBD krema za lice\" srcset=\"https:\/\/cbdshop.club\/wp-content\/uploads\/2023\/02\/konopljina-cbd-krema-za-obraz-mistatera-prodimg-58_tiny-300x300.jpg 300w, https:\/\/cbdshop.club\/wp-content\/uploads\/2023\/02\/konopljina-cbd-krema-za-obraz-mistatera-prodimg-58_tiny-1024x1024.jpg 1024w, https:\/\/cbdshop.club\/wp-content\/uploads\/2023\/02\/konopljina-cbd-krema-za-obraz-mistatera-prodimg-58_tiny-150x150.jpg 150w, https:\/\/cbdshop.club\/wp-content\/uploads\/2023\/02\/konopljina-cbd-krema-za-obraz-mistatera-prodimg-58_tiny-768x768.jpg 768w, https:\/\/cbdshop.club\/wp-content\/uploads\/2023\/02\/konopljina-cbd-krema-za-obraz-mistatera-prodimg-58_tiny-12x12.jpg 12w, https:\/\/cbdshop.club\/wp-content\/uploads\/2023\/02\/konopljina-cbd-krema-za-obraz-mistatera-prodimg-58_tiny-600x600.jpg 600w, https:\/\/cbdshop.club\/wp-content\/uploads\/2023\/02\/konopljina-cbd-krema-za-obraz-mistatera-prodimg-58_tiny-100x100.jpg 100w, https:\/\/cbdshop.club\/wp-content\/uploads\/2023\/02\/konopljina-cbd-krema-za-obraz-mistatera-prodimg-58_tiny.jpg 1280w\" sizes=\"auto, (max-width: 300px) 100vw, 300px\" \/><\/div><\/a>\n\t\t\t\t<div class=\"elementor-post__text\">\n\t\t\t\t<h3 class=\"elementor-post__title\">\n\t\t\t<a href=\"https:\/\/cbdshop.club\/hr\/blog\/zastita-i-hidratacija-cbd-krema-za-lice-cini-cuda\/\" >\n\t\t\t\tZa\u0161tita i hidratacija: CBD krema za lice \u010dini \u010duda\t\t\t<\/a>\n\t\t<\/h3>\n\t\t\t\t<div class=\"elementor-post__excerpt\">\n\t\t\t<p>Sve ve\u0107a popularnost CBD kreme za lice u Hrvatskoj mo\u017ee se pripisati njezinim brojnim prednostima za zdravlje i ljepotu ko\u017ee, kao i rastu\u0107em interesu za prirodne i odr\u017eive proizvode. <\/p>\n\t\t<\/div>\n\t\t\n\t\t<a class=\"elementor-post__read-more\" href=\"https:\/\/cbdshop.club\/hr\/blog\/zastita-i-hidratacija-cbd-krema-za-lice-cini-cuda\/\" aria-label=\"Read more about Za\u0161tita i hidratacija: CBD krema za lice \u010dini \u010duda\" >\n\t\t\tRead More \u00bb\t\t<\/a>\n\n\t\t\t\t<\/div>\n\t\t\t\t<div class=\"elementor-post__meta-data\">\n\t\t\t\t\t<span class=\"elementor-post-date\">\n\t\t\t1 velja\u010de, 2023\t\t<\/span>\n\t\t\t\t<\/div>\n\t\t\t\t\t<\/div>\n\t\t<\/article>\n\t\t\t\t<\/div>\n\t\t\n\t\t\t\t<\/div>\n\t\t\t\t<\/div>\n\t\t\t\t\t<\/div>\n\t\t<\/div>\n\t\t\t\t\t\t\t<\/div>\n\t\t<\/section>\n\t\t\t\t\t\t\t<\/div>","protected":false},"excerpt":{"rendered":"<p>Blog Blog<\/p>","protected":false},"author":1,"featured_media":0,"parent":0,"menu_order":0,"comment_status":"closed","ping_status":"closed","template":"elementor_header_footer","meta":{"inline_featured_image":false,"footnotes":""},"class_list":["post-328","page","type-page","status-publish","hentry"],"yoast_head":"<!-- This site is optimized with the Yoast SEO plugin v20.7 - https:\/\/yoast.com\/wordpress\/plugins\/seo\/ -->\n<title>Blog - CBDshop.club<\/title>\n<meta name=\"robots\" content=\"index, follow, max-snippet:-1, max-image-preview:large, max-video-preview:-1\" \/>\n<link rel=\"canonical\" href=\"https:\/\/cbdshop.club\/hr\/blog\/\" \/>\n<meta property=\"og:locale\" content=\"hr_HR\" \/>\n<meta property=\"og:type\" content=\"article\" \/>\n<meta property=\"og:title\" content=\"Blog - CBDshop.club\" \/>\n<meta property=\"og:description\" content=\"Blog Blog\" \/>\n<meta property=\"og:url\" content=\"https:\/\/cbdshop.club\/hr\/blog\/\" \/>\n<meta property=\"og:site_name\" content=\"CBDshop.club\" \/>\n<meta property=\"article:modified_time\" content=\"2023-02-01T17:28:50+00:00\" \/>\n<meta name=\"twitter:card\" content=\"summary_large_image\" \/>\n<meta name=\"twitter:label1\" content=\"Procijenjeno vrijeme \u010ditanja\" \/>\n\t<meta name=\"twitter:data1\" content=\"3 minute\" \/>\n<script type=\"application\/ld+json\" class=\"yoast-schema-graph\">{\"@context\":\"https:\/\/schema.org\",\"@graph\":[{\"@type\":\"WebPage\",\"@id\":\"https:\/\/cbdshop.club\/blog\/\",\"url\":\"https:\/\/cbdshop.club\/blog\/\",\"name\":\"Blog - CBDshop.club\",\"isPartOf\":{\"@id\":\"https:\/\/cbdshop.club\/#website\"},\"datePublished\":\"2023-01-24T18:02:26+00:00\",\"dateModified\":\"2023-02-01T17:28:50+00:00\",\"inLanguage\":\"hr\",\"potentialAction\":[{\"@type\":\"ReadAction\",\"target\":[\"https:\/\/cbdshop.club\/blog\/\"]}]},{\"@type\":\"WebSite\",\"@id\":\"https:\/\/cbdshop.club\/#website\",\"url\":\"https:\/\/cbdshop.club\/\",\"name\":\"CBDshop.club\",\"description\":\"CBD Online Shop\",\"publisher\":{\"@id\":\"https:\/\/cbdshop.club\/#organization\"},\"potentialAction\":[{\"@type\":\"SearchAction\",\"target\":{\"@type\":\"EntryPoint\",\"urlTemplate\":\"https:\/\/cbdshop.club\/?s={search_term_string}\"},\"query-input\":\"required name=search_term_string\"}],\"inLanguage\":\"hr\"},{\"@type\":\"Organization\",\"@id\":\"https:\/\/cbdshop.club\/#organization\",\"name\":\"CBDshop.club\",\"url\":\"https:\/\/cbdshop.club\/\",\"logo\":{\"@type\":\"ImageObject\",\"inLanguage\":\"hr\",\"@id\":\"https:\/\/cbdshop.club\/#\/schema\/logo\/image\/\",\"url\":\"https:\/\/cbdshop.club\/wp-content\/uploads\/2023\/01\/cbdshop.club-logo.svg\",\"contentUrl\":\"https:\/\/cbdshop.club\/wp-content\/uploads\/2023\/01\/cbdshop.club-logo.svg\",\"width\":12,\"height\":4,\"caption\":\"CBDshop.club\"},\"image\":{\"@id\":\"https:\/\/cbdshop.club\/#\/schema\/logo\/image\/\"}}]}<\/script>\n<!-- \/ Yoast SEO plugin. -->","yoast_head_json":{"title":"Blog - CBDshop.club","robots":{"index":"index","follow":"follow","max-snippet":"max-snippet:-1","max-image-preview":"max-image-preview:large","max-video-preview":"max-video-preview:-1"},"canonical":"https:\/\/cbdshop.club\/hr\/blog\/","og_locale":"hr_HR","og_type":"article","og_title":"Blog - CBDshop.club","og_description":"Blog Blog","og_url":"https:\/\/cbdshop.club\/hr\/blog\/","og_site_name":"CBDshop.club","article_modified_time":"2023-02-01T17:28:50+00:00","twitter_card":"summary_large_image","twitter_misc":{"Procijenjeno vrijeme \u010ditanja":"3 minute"},"schema":{"@context":"https:\/\/schema.org","@graph":[{"@type":"WebPage","@id":"https:\/\/cbdshop.club\/blog\/","url":"https:\/\/cbdshop.club\/blog\/","name":"Blog - CBDshop.club","isPartOf":{"@id":"https:\/\/cbdshop.club\/#website"},"datePublished":"2023-01-24T18:02:26+00:00","dateModified":"2023-02-01T17:28:50+00:00","inLanguage":"hr","potentialAction":[{"@type":"ReadAction","target":["https:\/\/cbdshop.club\/blog\/"]}]},{"@type":"WebSite","@id":"https:\/\/cbdshop.club\/#website","url":"https:\/\/cbdshop.club\/","name":"CBDshop.club","description":"CBD Online Shop","publisher":{"@id":"https:\/\/cbdshop.club\/#organization"},"potentialAction":[{"@type":"SearchAction","target":{"@type":"EntryPoint","urlTemplate":"https:\/\/cbdshop.club\/?s={search_term_string}"},"query-input":"required name=search_term_string"}],"inLanguage":"hr"},{"@type":"Organization","@id":"https:\/\/cbdshop.club\/#organization","name":"CBDshop.club","url":"https:\/\/cbdshop.club\/","logo":{"@type":"ImageObject","inLanguage":"hr","@id":"https:\/\/cbdshop.club\/#\/schema\/logo\/image\/","url":"https:\/\/cbdshop.club\/wp-content\/uploads\/2023\/01\/cbdshop.club-logo.svg","contentUrl":"https:\/\/cbdshop.club\/wp-content\/uploads\/2023\/01\/cbdshop.club-logo.svg","width":12,"height":4,"caption":"CBDshop.club"},"image":{"@id":"https:\/\/cbdshop.club\/#\/schema\/logo\/image\/"}}]}},"_links":{"self":[{"href":"https:\/\/cbdshop.club\/hr\/wp-json\/wp\/v2\/pages\/328","targetHints":{"allow":["GET"]}}],"collection":[{"href":"https:\/\/cbdshop.club\/hr\/wp-json\/wp\/v2\/pages"}],"about":[{"href":"https:\/\/cbdshop.club\/hr\/wp-json\/wp\/v2\/types\/page"}],"author":[{"embeddable":true,"href":"https:\/\/cbdshop.club\/hr\/wp-json\/wp\/v2\/users\/1"}],"replies":[{"embeddable":true,"href":"https:\/\/cbdshop.club\/hr\/wp-json\/wp\/v2\/comments?post=328"}],"version-history":[{"count":109,"href":"https:\/\/cbdshop.club\/hr\/wp-json\/wp\/v2\/pages\/328\/revisions"}],"predecessor-version":[{"id":1514,"href":"https:\/\/cbdshop.club\/hr\/wp-json\/wp\/v2\/pages\/328\/revisions\/1514"}],"wp:attachment":[{"href":"https:\/\/cbdshop.club\/hr\/wp-json\/wp\/v2\/media?parent=328"}],"curies":[{"name":"wp","href":"https:\/\/api.w.org\/{rel}","templated":true}]}}